{"id":902,"date":"2023-06-02T13:35:12","date_gmt":"2023-06-02T13:35:12","guid":{"rendered":"https:\/\/lazenaidaluxuryrentals.com\/?page_id=902"},"modified":"2023-09-18T09:00:21","modified_gmt":"2023-09-18T09:00:21","slug":"pueblos","status":"publish","type":"page","link":"https:\/\/lazenaidaluxuryrentals.com\/en\/pueblos\/","title":{"rendered":"Pueblos de M\u00e1laga"},"content":{"rendered":"<div data-elementor-type=\"wp-page\" data-elementor-id=\"902\" class=\"elementor elementor-902\">\n\t\t\t\t\t\t\t\t\t<section class=\"elementor-section elementor-top-section elementor-element elementor-element-0f1712a elementor-section-full_width elementor-section-height-min-height elementor-section-height-default elementor-section-items-middle\" data-id=\"0f1712a\" data-element_type=\"section\" data-settings=\"{&quot;background_background&quot;:&quot;classic&quot;}\">\n\t\t\t\t\t\t<div class=\"elementor-container elementor-column-gap-default\">\n\t\t\t\t\t<div class=\"elementor-column elementor-col-100 elementor-top-column elementor-element elementor-element-7653b2e\" data-id=\"7653b2e\" data-element_type=\"column\">\n\t\t\t<div class=\"elementor-widget-wrap\">\n\t\t\t\t\t\t\t\t\t<\/div>\n\t\t<\/div>\n\t\t\t\t\t\t\t<\/div>\n\t\t<\/section>\n\t\t\t\t<section class=\"elementor-section elementor-top-section elementor-element elementor-element-863703e elementor-section-boxed elementor-section-height-default elementor-section-height-default\" data-id=\"863703e\" data-element_type=\"section\">\n\t\t\t\t\t\t<div class=\"elementor-container elementor-column-gap-default\">\n\t\t\t\t\t<div class=\"elementor-column elementor-col-100 elementor-top-column elementor-element elementor-element-03cad97\" data-id=\"03cad97\" data-element_type=\"column\">\n\t\t\t<div class=\"elementor-widget-wrap elementor-element-populated\">\n\t\t\t\t\t\t\t\t<div class=\"elementor-element elementor-element-dd14ee6 elementor-widget elementor-widget-heading\" data-id=\"dd14ee6\" data-element_type=\"widget\" data-widget_type=\"heading.default\">\n\t\t\t\t<div class=\"elementor-widget-container\">\n\t\t\t<h1 class=\"elementor-heading-title elementor-size-default\">The villages of Malaga<\/h1>\t\t<\/div>\n\t\t\t\t<\/div>\n\t\t\t\t<div class=\"elementor-element elementor-element-7f707b5 elementor-widget elementor-widget-heading\" data-id=\"7f707b5\" data-element_type=\"widget\" data-widget_type=\"heading.default\">\n\t\t\t\t<div class=\"elementor-widget-container\">\n\t\t\t<h2 class=\"elementor-heading-title elementor-size-default\">If you are planning to visit the villages of Malaga, either those rocked by the waters of the Mediterranean or those hidden among the forests of the highlands, here is a list of the most beautiful and typical villages of Malaga.<\/h2>\t\t<\/div>\n\t\t\t\t<\/div>\n\t\t\t\t\t<\/div>\n\t\t<\/div>\n\t\t\t\t\t\t\t<\/div>\n\t\t<\/section>\n\t\t\t\t<section class=\"elementor-section elementor-top-section elementor-element elementor-element-696982c elementor-section-full_width elementor-section-stretched elementor-reverse-tablet elementor-section-height-default elementor-section-height-default\" data-id=\"696982c\" data-element_type=\"section\" data-settings=\"{&quot;background_background&quot;:&quot;classic&quot;,&quot;stretch_section&quot;:&quot;section-stretched&quot;}\">\n\t\t\t\t\t\t<div class=\"elementor-container elementor-column-gap-default\">\n\t\t\t\t\t<div class=\"elementor-column elementor-col-50 elementor-top-column elementor-element elementor-element-a23c2e2\" data-id=\"a23c2e2\" data-element_type=\"column\">\n\t\t\t<div class=\"elementor-widget-wrap elementor-element-populated\">\n\t\t\t\t\t\t\t\t<div class=\"elementor-element elementor-element-c7803f6 elementor-widget elementor-widget-image\" data-id=\"c7803f6\" data-element_type=\"widget\" data-widget_type=\"image.default\">\n\t\t\t\t<div class=\"elementor-widget-container\">\n\t\t\t\t\t\t\t\t\t\t\t\t\t\t\t<img decoding=\"async\" width=\"960\" height=\"540\" src=\"https:\/\/lazenaidaluxuryrentals.com\/wp-content\/uploads\/nerja.jpg\" class=\"attachment-full size-full wp-image-907\" alt=\"nerja\" srcset=\"https:\/\/lazenaidaluxuryrentals.com\/wp-content\/uploads\/nerja.jpg 960w, https:\/\/lazenaidaluxuryrentals.com\/wp-content\/uploads\/nerja-300x169.jpg 300w, https:\/\/lazenaidaluxuryrentals.com\/wp-content\/uploads\/nerja-768x432.jpg 768w\" sizes=\"(max-width: 960px) 100vw, 960px\" \/>\t\t\t\t\t\t\t\t\t\t\t\t\t\t\t<\/div>\n\t\t\t\t<\/div>\n\t\t\t\t\t<\/div>\n\t\t<\/div>\n\t\t\t\t<div class=\"elementor-column elementor-col-50 elementor-top-column elementor-element elementor-element-720a6c8\" data-id=\"720a6c8\" data-element_type=\"column\">\n\t\t\t<div class=\"elementor-widget-wrap elementor-element-populated\">\n\t\t\t\t\t\t\t\t<div class=\"elementor-element elementor-element-71e8509 elementor-widget elementor-widget-heading\" data-id=\"71e8509\" data-element_type=\"widget\" data-widget_type=\"heading.default\">\n\t\t\t\t<div class=\"elementor-widget-container\">\n\t\t\t<h1 class=\"elementor-heading-title elementor-size-default\">Nerja - the balcony of Europe<\/h1>\t\t<\/div>\n\t\t\t\t<\/div>\n\t\t\t\t<div class=\"elementor-element elementor-element-682ee57 elementor-widget elementor-widget-text-editor\" data-id=\"682ee57\" data-element_type=\"widget\" data-widget_type=\"text-editor.default\">\n\t\t\t\t<div class=\"elementor-widget-container\">\n\t\t\t\t\t\t\t<p><strong>Only 20 minutes from La Zenaida Luxury Rentals.<\/strong><\/p><p>Start to get to know this coastal town of Malaga by visiting the Balcon de Europa, which offers incredible views of the Mediterranean from its privileged location between the beaches of Calahonda and El Sal\u00f3n.<\/p><p>During your stay in this town, you can't miss the famous Nerja Caves. They are 42,000 years old and have the largest stalactite in the world. Here you will also find a museum where you will find all the information about them.<\/p>\t\t\t\t\t\t<\/div>\n\t\t\t\t<\/div>\n\t\t\t\t\t<\/div>\n\t\t<\/div>\n\t\t\t\t\t\t\t<\/div>\n\t\t<\/section>\n\t\t\t\t<section class=\"elementor-section elementor-top-section elementor-element elementor-element-063a7d1 elementor-section-full_width elementor-section-stretched elementor-section-height-default elementor-section-height-default\" data-id=\"063a7d1\" data-element_type=\"section\" data-settings=\"{&quot;background_background&quot;:&quot;classic&quot;,&quot;stretch_section&quot;:&quot;section-stretched&quot;}\">\n\t\t\t\t\t\t<div class=\"elementor-container elementor-column-gap-default\">\n\t\t\t\t\t<div class=\"elementor-column elementor-col-50 elementor-top-column elementor-element elementor-element-29bd270\" data-id=\"29bd270\" data-element_type=\"column\">\n\t\t\t<div class=\"elementor-widget-wrap elementor-element-populated\">\n\t\t\t\t\t\t\t\t<div class=\"elementor-element elementor-element-8c15c05 elementor-widget elementor-widget-heading\" data-id=\"8c15c05\" data-element_type=\"widget\" data-widget_type=\"heading.default\">\n\t\t\t\t<div class=\"elementor-widget-container\">\n\t\t\t<h1 class=\"elementor-heading-title elementor-size-default\">Frigiliana<\/h1>\t\t<\/div>\n\t\t\t\t<\/div>\n\t\t\t\t<div class=\"elementor-element elementor-element-ababee1 elementor-widget elementor-widget-text-editor\" data-id=\"ababee1\" data-element_type=\"widget\" data-widget_type=\"text-editor.default\">\n\t\t\t\t<div class=\"elementor-widget-container\">\n\t\t\t\t\t\t\t<p><strong>Only 20 minutes from La Zenaida Luxury Rentals.<\/strong><\/p><p>Frigiliana is one of the most beautiful white villages in Malaga. Strolling through the winding streets full of whitewashed houses that make up its old town is an experience that will make you understand why it is considered a Historic-Artistic Site.<\/p>\t\t\t\t\t\t<\/div>\n\t\t\t\t<\/div>\n\t\t\t\t\t<\/div>\n\t\t<\/div>\n\t\t\t\t<div class=\"elementor-column elementor-col-50 elementor-top-column elementor-element elementor-element-22f68cc\" data-id=\"22f68cc\" data-element_type=\"column\">\n\t\t\t<div class=\"elementor-widget-wrap elementor-element-populated\">\n\t\t\t\t\t\t\t\t<div class=\"elementor-element elementor-element-8aff335 elementor-widget elementor-widget-image\" data-id=\"8aff335\" data-element_type=\"widget\" data-widget_type=\"image.default\">\n\t\t\t\t<div class=\"elementor-widget-container\">\n\t\t\t\t\t\t\t\t\t\t\t\t\t\t\t<img decoding=\"async\" width=\"960\" height=\"540\" src=\"https:\/\/lazenaidaluxuryrentals.com\/wp-content\/uploads\/frijiliana.jpg\" class=\"attachment-full size-full wp-image-909\" alt=\"\" srcset=\"https:\/\/lazenaidaluxuryrentals.com\/wp-content\/uploads\/frijiliana.jpg 960w, https:\/\/lazenaidaluxuryrentals.com\/wp-content\/uploads\/frijiliana-300x169.jpg 300w, https:\/\/lazenaidaluxuryrentals.com\/wp-content\/uploads\/frijiliana-768x432.jpg 768w\" sizes=\"(max-width: 960px) 100vw, 960px\" \/>\t\t\t\t\t\t\t\t\t\t\t\t\t\t\t<\/div>\n\t\t\t\t<\/div>\n\t\t\t\t\t<\/div>\n\t\t<\/div>\n\t\t\t\t\t\t\t<\/div>\n\t\t<\/section>\n\t\t\t\t<section class=\"elementor-section elementor-top-section elementor-element elementor-element-dd178a1 elementor-section-full_width elementor-section-stretched elementor-reverse-tablet elementor-reverse-mobile elementor-section-height-default elementor-section-height-default\" data-id=\"dd178a1\" data-element_type=\"section\" data-settings=\"{&quot;background_background&quot;:&quot;classic&quot;,&quot;stretch_section&quot;:&quot;section-stretched&quot;}\">\n\t\t\t\t\t\t<div class=\"elementor-container elementor-column-gap-default\">\n\t\t\t\t\t<div class=\"elementor-column elementor-col-50 elementor-top-column elementor-element elementor-element-00535ba\" data-id=\"00535ba\" data-element_type=\"column\">\n\t\t\t<div class=\"elementor-widget-wrap elementor-element-populated\">\n\t\t\t\t\t\t\t\t<div class=\"elementor-element elementor-element-b0f47ad elementor-widget elementor-widget-image\" data-id=\"b0f47ad\" data-element_type=\"widget\" data-widget_type=\"image.default\">\n\t\t\t\t<div class=\"elementor-widget-container\">\n\t\t\t\t\t\t\t\t\t\t\t\t\t\t\t<img decoding=\"async\" width=\"960\" height=\"540\" src=\"https:\/\/lazenaidaluxuryrentals.com\/wp-content\/uploads\/ronda.jpg\" class=\"attachment-full size-full wp-image-910\" alt=\"ronda\" srcset=\"https:\/\/lazenaidaluxuryrentals.com\/wp-content\/uploads\/ronda.jpg 960w, https:\/\/lazenaidaluxuryrentals.com\/wp-content\/uploads\/ronda-300x169.jpg 300w, https:\/\/lazenaidaluxuryrentals.com\/wp-content\/uploads\/ronda-768x432.jpg 768w\" sizes=\"(max-width: 960px) 100vw, 960px\" \/>\t\t\t\t\t\t\t\t\t\t\t\t\t\t\t<\/div>\n\t\t\t\t<\/div>\n\t\t\t\t\t<\/div>\n\t\t<\/div>\n\t\t\t\t<div class=\"elementor-column elementor-col-50 elementor-top-column elementor-element elementor-element-aae9ec3\" data-id=\"aae9ec3\" data-element_type=\"column\">\n\t\t\t<div class=\"elementor-widget-wrap elementor-element-populated\">\n\t\t\t\t\t\t\t\t<div class=\"elementor-element elementor-element-3008445 elementor-widget elementor-widget-heading\" data-id=\"3008445\" data-element_type=\"widget\" data-widget_type=\"heading.default\">\n\t\t\t\t<div class=\"elementor-widget-container\">\n\t\t\t<h1 class=\"elementor-heading-title elementor-size-default\">Ronda<\/h1>\t\t<\/div>\n\t\t\t\t<\/div>\n\t\t\t\t<div class=\"elementor-element elementor-element-1150496 elementor-widget elementor-widget-text-editor\" data-id=\"1150496\" data-element_type=\"widget\" data-widget_type=\"text-editor.default\">\n\t\t\t\t<div class=\"elementor-widget-container\">\n\t\t\t\t\t\t\t<p>Artists and writers such as Ernest Hemingway, Orson Wells, Rafael Alberti or Garc\u00eda Lorca have fallen in love with Ronda. And it is not surprising, because this town in Malaga breathes beauty on all four sides. In fact, it is considered a Historic-Artistic Site and one of the most important villages in Malaga.<\/p><p>The architectural heritage of the city is so extensive and diverse that we can consider Ronda as a true open-air museum. To begin with, you will find one of the most characteristic images of Ronda at the New Bridge that crosses the Guadalev\u00edn river.<\/p>\t\t\t\t\t\t<\/div>\n\t\t\t\t<\/div>\n\t\t\t\t\t<\/div>\n\t\t<\/div>\n\t\t\t\t\t\t\t<\/div>\n\t\t<\/section>\n\t\t\t\t<section class=\"elementor-section elementor-top-section elementor-element elementor-element-f0044ae elementor-section-full_width elementor-section-stretched elementor-section-height-default elementor-section-height-default\" data-id=\"f0044ae\" data-element_type=\"section\" data-settings=\"{&quot;background_background&quot;:&quot;classic&quot;,&quot;stretch_section&quot;:&quot;section-stretched&quot;}\">\n\t\t\t\t\t\t<div class=\"elementor-container elementor-column-gap-default\">\n\t\t\t\t\t<div class=\"elementor-column elementor-col-50 elementor-top-column elementor-element elementor-element-9e41731\" data-id=\"9e41731\" data-element_type=\"column\">\n\t\t\t<div class=\"elementor-widget-wrap elementor-element-populated\">\n\t\t\t\t\t\t\t\t<div class=\"elementor-element elementor-element-f83d872 elementor-widget elementor-widget-heading\" data-id=\"f83d872\" data-element_type=\"widget\" data-widget_type=\"heading.default\">\n\t\t\t\t<div class=\"elementor-widget-container\">\n\t\t\t<h1 class=\"elementor-heading-title elementor-size-default\">Mijas<\/h1>\t\t<\/div>\n\t\t\t\t<\/div>\n\t\t\t\t<div class=\"elementor-element elementor-element-149260e elementor-widget elementor-widget-text-editor\" data-id=\"149260e\" data-element_type=\"widget\" data-widget_type=\"text-editor.default\">\n\t\t\t\t<div class=\"elementor-widget-container\">\n\t\t\t\t\t\t\t<p>Mijas is located very close to Malaga, and is divided into 3 different urban centers: Mijas Pueblo (the typical white village of the area), Mijas Costa (the most industrial and commercial area) and the coastal nucleus of La Cala.<\/p>\t\t\t\t\t\t<\/div>\n\t\t\t\t<\/div>\n\t\t\t\t\t<\/div>\n\t\t<\/div>\n\t\t\t\t<div class=\"elementor-column elementor-col-50 elementor-top-column elementor-element elementor-element-53d0157\" data-id=\"53d0157\" data-element_type=\"column\">\n\t\t\t<div class=\"elementor-widget-wrap elementor-element-populated\">\n\t\t\t\t\t\t\t\t<div class=\"elementor-element elementor-element-44fffc0 elementor-widget elementor-widget-image\" data-id=\"44fffc0\" data-element_type=\"widget\" data-widget_type=\"image.default\">\n\t\t\t\t<div class=\"elementor-widget-container\">\n\t\t\t\t\t\t\t\t\t\t\t\t\t\t\t<img decoding=\"async\" width=\"960\" height=\"540\" src=\"https:\/\/lazenaidaluxuryrentals.com\/wp-content\/uploads\/mijas.jpg\" class=\"attachment-full size-full wp-image-911\" alt=\"mijas\" srcset=\"https:\/\/lazenaidaluxuryrentals.com\/wp-content\/uploads\/mijas.jpg 960w, https:\/\/lazenaidaluxuryrentals.com\/wp-content\/uploads\/mijas-300x169.jpg 300w, https:\/\/lazenaidaluxuryrentals.com\/wp-content\/uploads\/mijas-768x432.jpg 768w\" sizes=\"(max-width: 960px) 100vw, 960px\" \/>\t\t\t\t\t\t\t\t\t\t\t\t\t\t\t<\/div>\n\t\t\t\t<\/div>\n\t\t\t\t\t<\/div>\n\t\t<\/div>\n\t\t\t\t\t\t\t<\/div>\n\t\t<\/section>\n\t\t\t\t<section class=\"elementor-section elementor-top-section elementor-element elementor-element-92fad80 elementor-section-full_width elementor-section-stretched elementor-reverse-tablet elementor-reverse-mobile elementor-section-height-default elementor-section-height-default\" data-id=\"92fad80\" data-element_type=\"section\" data-settings=\"{&quot;background_background&quot;:&quot;classic&quot;,&quot;stretch_section&quot;:&quot;section-stretched&quot;}\">\n\t\t\t\t\t\t<div class=\"elementor-container elementor-column-gap-default\">\n\t\t\t\t\t<div class=\"elementor-column elementor-col-50 elementor-top-column elementor-element elementor-element-0af3fc5\" data-id=\"0af3fc5\" data-element_type=\"column\">\n\t\t\t<div class=\"elementor-widget-wrap elementor-element-populated\">\n\t\t\t\t\t\t\t\t<div class=\"elementor-element elementor-element-ad412a6 elementor-widget elementor-widget-image\" data-id=\"ad412a6\" data-element_type=\"widget\" data-widget_type=\"image.default\">\n\t\t\t\t<div class=\"elementor-widget-container\">\n\t\t\t\t\t\t\t\t\t\t\t\t\t\t\t<img decoding=\"async\" width=\"960\" height=\"540\" src=\"https:\/\/lazenaidaluxuryrentals.com\/wp-content\/uploads\/marbella.jpg\" class=\"attachment-full size-full wp-image-912\" alt=\"marbella\" srcset=\"https:\/\/lazenaidaluxuryrentals.com\/wp-content\/uploads\/marbella.jpg 960w, https:\/\/lazenaidaluxuryrentals.com\/wp-content\/uploads\/marbella-300x169.jpg 300w, https:\/\/lazenaidaluxuryrentals.com\/wp-content\/uploads\/marbella-768x432.jpg 768w\" sizes=\"(max-width: 960px) 100vw, 960px\" \/>\t\t\t\t\t\t\t\t\t\t\t\t\t\t\t<\/div>\n\t\t\t\t<\/div>\n\t\t\t\t\t<\/div>\n\t\t<\/div>\n\t\t\t\t<div class=\"elementor-column elementor-col-50 elementor-top-column elementor-element elementor-element-beff5a3\" data-id=\"beff5a3\" data-element_type=\"column\">\n\t\t\t<div class=\"elementor-widget-wrap elementor-element-populated\">\n\t\t\t\t\t\t\t\t<div class=\"elementor-element elementor-element-9200a50 elementor-widget elementor-widget-heading\" data-id=\"9200a50\" data-element_type=\"widget\" data-widget_type=\"heading.default\">\n\t\t\t\t<div class=\"elementor-widget-container\">\n\t\t\t<h1 class=\"elementor-heading-title elementor-size-default\">Marbella<\/h1>\t\t<\/div>\n\t\t\t\t<\/div>\n\t\t\t\t<div class=\"elementor-element elementor-element-32a4ef7 elementor-widget elementor-widget-text-editor\" data-id=\"32a4ef7\" data-element_type=\"widget\" data-widget_type=\"text-editor.default\">\n\t\t\t\t<div class=\"elementor-widget-container\">\n\t\t\t\t\t\t\t<p>Marbella is a city you cannot fail to see and enjoy. Its range of leisure activities and its historical, artistic, and natural heritage are so extensive that it is well worth a visit.<\/p>\t\t\t\t\t\t<\/div>\n\t\t\t\t<\/div>\n\t\t\t\t\t<\/div>\n\t\t<\/div>\n\t\t\t\t\t\t\t<\/div>\n\t\t<\/section>\n\t\t\t\t<section class=\"elementor-section elementor-top-section elementor-element elementor-element-3ad9d02 elementor-section-content-middle elementor-section-boxed elementor-section-height-default elementor-section-height-default\" data-id=\"3ad9d02\" data-element_type=\"section\" data-settings=\"{&quot;background_background&quot;:&quot;classic&quot;}\">\n\t\t\t\t\t\t<div class=\"elementor-container elementor-column-gap-default\">\n\t\t\t\t\t<div class=\"elementor-column elementor-col-66 elementor-top-column elementor-element elementor-element-f272cfb\" data-id=\"f272cfb\" data-element_type=\"column\">\n\t\t\t<div class=\"elementor-widget-wrap elementor-element-populated\">\n\t\t\t\t\t\t\t\t<div class=\"elementor-element elementor-element-01caaf9 elementor-widget elementor-widget-heading\" data-id=\"01caaf9\" data-element_type=\"widget\" data-widget_type=\"heading.default\">\n\t\t\t\t<div class=\"elementor-widget-container\">\n\t\t\t<h1 class=\"elementor-heading-title elementor-size-default\">Enjoy our city<\/h1>\t\t<\/div>\n\t\t\t\t<\/div>\n\t\t\t\t\t<\/div>\n\t\t<\/div>\n\t\t\t\t<div class=\"elementor-column elementor-col-33 elementor-top-column elementor-element elementor-element-92ca94c\" data-id=\"92ca94c\" data-element_type=\"column\">\n\t\t\t<div class=\"elementor-widget-wrap elementor-element-populated\">\n\t\t\t\t\t\t\t\t<div class=\"elementor-element elementor-element-4daf425 elementor-align-center elementor-widget elementor-widget-button\" data-id=\"4daf425\" data-element_type=\"widget\" data-widget_type=\"button.default\">\n\t\t\t\t<div class=\"elementor-widget-container\">\n\t\t\t\t\t<div class=\"elementor-button-wrapper\">\n\t\t\t<a class=\"elementor-button elementor-button-link elementor-size-sm\" href=\"https:\/\/zenaidaluxury.icnea.net\/\">\n\t\t\t\t\t\t<span class=\"elementor-button-content-wrapper\">\n\t\t\t\t\t\t<span class=\"elementor-button-text\">BOOK<br> PEACE OF MIND<\/span>\n\t\t<\/span>\n\t\t\t\t\t<\/a>\n\t\t<\/div>\n\t\t\t\t<\/div>\n\t\t\t\t<\/div>\n\t\t\t\t\t<\/div>\n\t\t<\/div>\n\t\t\t\t\t\t\t<\/div>\n\t\t<\/section>\n\t\t\t\t\t\t\t<\/div>","protected":false},"excerpt":{"rendered":"<p>Los pueblos de M\u00e1laga Si est\u00e1 planeando visitar los pueblos de M\u00e1laga, ya sea aquellos mecidos por las aguas del Mediterr\u00e1neo o aquellos otros escondidos entre los bosques de las Serran\u00edas, aqu\u00ed le dejamos una lista de los pueblos m\u00e1s bonitos y t\u00edpicos de M\u00e1laga. Nerja &#8211; el balc\u00f3n de Europa A tan solo 20 &hellip;<\/p>\n<p class=\"read-more\"> <a class=\"\" href=\"https:\/\/lazenaidaluxuryrentals.com\/en\/pueblos\/\"> <span class=\"screen-reader-text\">Pueblos de M\u00e1laga<\/span> Read More &raquo;<\/a><\/p>","protected":false},"author":1,"featured_media":0,"parent":0,"menu_order":0,"comment_status":"closed","ping_status":"closed","template":"","meta":{"site-sidebar-layout":"no-sidebar","site-content-layout":"page-builder","ast-global-header-display":"","ast-banner-title-visibility":"","ast-main-header-display":"","ast-hfb-above-header-display":"","ast-hfb-below-header-display":"","ast-hfb-mobile-header-display":"","site-post-title":"disabled","ast-breadcrumbs-content":"","ast-featured-img":"disabled","footer-sml-layout":"","theme-transparent-header-meta":"","adv-header-id-meta":"","stick-header-meta":"","header-above-stick-meta":"","header-main-stick-meta":"","header-below-stick-meta":""},"yst_prominent_words":[],"yoast_head":"<!-- This site is optimized with the Yoast SEO Premium plugin v14.0.4 - https:\/\/yoast.com\/wordpress\/plugins\/seo\/ -->\n<title>Pueblos de M\u00e1laga - La Zenaida<\/title>\n<meta name=\"robots\" content=\"index, follow\" \/>\n<meta name=\"googlebot\" content=\"index, follow, max-snippet:-1, max-image-preview:large, max-video-preview:-1\" \/>\n<meta name=\"bingbot\" content=\"index, follow, max-snippet:-1, max-image-preview:large, max-video-preview:-1\" \/>\n<link rel=\"canonical\" href=\"https:\/\/lazenaidaluxuryrentals.com\/en\/pueblos\/\" \/>\n<meta property=\"og:locale\" content=\"en_GB\" \/>\n<meta property=\"og:type\" content=\"article\" \/>\n<meta property=\"og:title\" content=\"Pueblos de M\u00e1laga - La Zenaida\" \/>\n<meta property=\"og:description\" content=\"Los pueblos de M\u00e1laga Si est\u00e1 planeando visitar los pueblos de M\u00e1laga, ya sea aquellos mecidos por las aguas del Mediterr\u00e1neo o aquellos otros escondidos entre los bosques de las Serran\u00edas, aqu\u00ed le dejamos una lista de los pueblos m\u00e1s bonitos y t\u00edpicos de M\u00e1laga. Nerja &#8211; el balc\u00f3n de Europa A tan solo 20 &hellip; Pueblos de M\u00e1laga Read More &raquo;\" \/>\n<meta property=\"og:url\" content=\"https:\/\/lazenaidaluxuryrentals.com\/en\/pueblos\/\" \/>\n<meta property=\"og:site_name\" content=\"La Zenaida\" \/>\n<meta property=\"article:modified_time\" content=\"2023-09-18T09:00:21+00:00\" \/>\n<meta property=\"og:image\" content=\"https:\/\/lazenaidaluxuryrentals.com\/wp-content\/uploads\/nerja.jpg\" \/>\n<meta name=\"twitter:card\" content=\"summary_large_image\" \/>\n<script type=\"application\/ld+json\" class=\"yoast-schema-graph\">{\"@context\":\"https:\/\/schema.org\",\"@graph\":[{\"@type\":\"WebSite\",\"@id\":\"https:\/\/lazenaidaluxuryrentals.com\/en\/#website\",\"url\":\"https:\/\/lazenaidaluxuryrentals.com\/en\/\",\"name\":\"La Zenaida\",\"description\":\"\",\"potentialAction\":[{\"@type\":\"SearchAction\",\"target\":\"https:\/\/lazenaidaluxuryrentals.com\/en\/?s={search_term_string}\",\"query-input\":\"required name=search_term_string\"}],\"inLanguage\":\"en-GB\"},{\"@type\":\"ImageObject\",\"@id\":\"https:\/\/lazenaidaluxuryrentals.com\/pueblos\/#primaryimage\",\"inLanguage\":\"en-GB\",\"url\":\"https:\/\/lazenaidaluxuryrentals.com\/wp-content\/uploads\/nerja.jpg\",\"width\":960,\"height\":540,\"caption\":\"nerja\"},{\"@type\":\"WebPage\",\"@id\":\"https:\/\/lazenaidaluxuryrentals.com\/pueblos\/#webpage\",\"url\":\"https:\/\/lazenaidaluxuryrentals.com\/pueblos\/\",\"name\":\"Pueblos de M\\u00e1laga - La Zenaida\",\"isPartOf\":{\"@id\":\"https:\/\/lazenaidaluxuryrentals.com\/en\/#website\"},\"primaryImageOfPage\":{\"@id\":\"https:\/\/lazenaidaluxuryrentals.com\/pueblos\/#primaryimage\"},\"datePublished\":\"2023-06-02T13:35:12+00:00\",\"dateModified\":\"2023-09-18T09:00:21+00:00\",\"breadcrumb\":{\"@id\":\"https:\/\/lazenaidaluxuryrentals.com\/pueblos\/#breadcrumb\"},\"inLanguage\":\"en-GB\",\"potentialAction\":[{\"@type\":\"ReadAction\",\"target\":[\"https:\/\/lazenaidaluxuryrentals.com\/pueblos\/\"]}]},{\"@type\":\"BreadcrumbList\",\"@id\":\"https:\/\/lazenaidaluxuryrentals.com\/pueblos\/#breadcrumb\",\"itemListElement\":[{\"@type\":\"ListItem\",\"position\":1,\"item\":{\"@type\":\"WebPage\",\"@id\":\"https:\/\/lazenaidaluxuryrentals.com\/\",\"url\":\"https:\/\/lazenaidaluxuryrentals.com\/\",\"name\":\"Portada\"}},{\"@type\":\"ListItem\",\"position\":2,\"item\":{\"@type\":\"WebPage\",\"@id\":\"https:\/\/lazenaidaluxuryrentals.com\/pueblos\/\",\"url\":\"https:\/\/lazenaidaluxuryrentals.com\/pueblos\/\",\"name\":\"Pueblos de M\\u00e1laga\"}}]}]}<\/script>\n<!-- \/ Yoast SEO Premium plugin. -->","_links":{"self":[{"href":"https:\/\/lazenaidaluxuryrentals.com\/en\/wp-json\/wp\/v2\/pages\/902"}],"collection":[{"href":"https:\/\/lazenaidaluxuryrentals.com\/en\/wp-json\/wp\/v2\/pages"}],"about":[{"href":"https:\/\/lazenaidaluxuryrentals.com\/en\/wp-json\/wp\/v2\/types\/page"}],"author":[{"embeddable":true,"href":"https:\/\/lazenaidaluxuryrentals.com\/en\/wp-json\/wp\/v2\/users\/1"}],"replies":[{"embeddable":true,"href":"https:\/\/lazenaidaluxuryrentals.com\/en\/wp-json\/wp\/v2\/comments?post=902"}],"version-history":[{"count":19,"href":"https:\/\/lazenaidaluxuryrentals.com\/en\/wp-json\/wp\/v2\/pages\/902\/revisions"}],"predecessor-version":[{"id":1668,"href":"https:\/\/lazenaidaluxuryrentals.com\/en\/wp-json\/wp\/v2\/pages\/902\/revisions\/1668"}],"wp:attachment":[{"href":"https:\/\/lazenaidaluxuryrentals.com\/en\/wp-json\/wp\/v2\/media?parent=902"}],"wp:term":[{"taxonomy":"yst_prominent_words","embeddable":true,"href":"https:\/\/lazenaidaluxuryrentals.com\/en\/wp-json\/wp\/v2\/yst_prominent_words?post=902"}],"curies":[{"name":"wp","href":"https:\/\/api.w.org\/{rel}","templated":true}]}}