{"id":734,"date":"2023-06-02T09:53:54","date_gmt":"2023-06-02T09:53:54","guid":{"rendered":"https:\/\/lazenaidaluxuryrentals.com\/?page_id=734"},"modified":"2023-09-18T09:01:53","modified_gmt":"2023-09-18T09:01:53","slug":"restaurantes","status":"publish","type":"page","link":"https:\/\/lazenaidaluxuryrentals.com\/en\/restaurantes\/","title":{"rendered":"Restaurants"},"content":{"rendered":"<div data-elementor-type=\"wp-page\" data-elementor-id=\"734\" class=\"elementor elementor-734\">\n\t\t\t\t\t\t\t\t\t<section class=\"elementor-section elementor-top-section elementor-element elementor-element-0f1712a elementor-section-full_width elementor-section-height-min-height elementor-section-height-default elementor-section-items-middle\" data-id=\"0f1712a\" data-element_type=\"section\" data-settings=\"{&quot;background_background&quot;:&quot;classic&quot;}\">\n\t\t\t\t\t\t<div class=\"elementor-container elementor-column-gap-default\">\n\t\t\t\t\t<div class=\"elementor-column elementor-col-100 elementor-top-column elementor-element elementor-element-7653b2e\" data-id=\"7653b2e\" data-element_type=\"column\">\n\t\t\t<div class=\"elementor-widget-wrap\">\n\t\t\t\t\t\t\t\t\t<\/div>\n\t\t<\/div>\n\t\t\t\t\t\t\t<\/div>\n\t\t<\/section>\n\t\t\t\t<section class=\"elementor-section elementor-top-section elementor-element elementor-element-863703e elementor-section-boxed elementor-section-height-default elementor-section-height-default\" data-id=\"863703e\" data-element_type=\"section\">\n\t\t\t\t\t\t<div class=\"elementor-container elementor-column-gap-default\">\n\t\t\t\t\t<div class=\"elementor-column elementor-col-100 elementor-top-column elementor-element elementor-element-03cad97\" data-id=\"03cad97\" data-element_type=\"column\">\n\t\t\t<div class=\"elementor-widget-wrap elementor-element-populated\">\n\t\t\t\t\t\t\t\t<div class=\"elementor-element elementor-element-dd14ee6 elementor-widget elementor-widget-heading\" data-id=\"dd14ee6\" data-element_type=\"widget\" data-widget_type=\"heading.default\">\n\t\t\t\t<div class=\"elementor-widget-container\">\n\t\t\t<h1 class=\"elementor-heading-title elementor-size-default\">Restaurants<\/h1>\t\t<\/div>\n\t\t\t\t<\/div>\n\t\t\t\t<div class=\"elementor-element elementor-element-76991a8 elementor-widget elementor-widget-heading\" data-id=\"76991a8\" data-element_type=\"widget\" data-widget_type=\"heading.default\">\n\t\t\t\t<div class=\"elementor-widget-container\">\n\t\t\t<h2 class=\"elementor-heading-title elementor-size-default\">The province of Malaga treasures an immense collection of wonders, among which it is impossible not to highlight its gastronomy. Traditional and avant-garde restaurants offer a culinary variety that will not go unnoticed by any lover of good food.\n\n<br><br>For those guests of La Zenaida Luxury Tourist Apartments, we provide a list of excellent restaurants near the accommodation, in the municipality of Rinc\u00f3n de La Victoria, as well as a list of renowned and quality restaurants in Malaga.\n<\/h2>\t\t<\/div>\n\t\t\t\t<\/div>\n\t\t\t\t\t<\/div>\n\t\t<\/div>\n\t\t\t\t\t\t\t<\/div>\n\t\t<\/section>\n\t\t\t\t<section class=\"elementor-section elementor-top-section elementor-element elementor-element-1a02180 elementor-section-boxed elementor-section-height-default elementor-section-height-default\" data-id=\"1a02180\" data-element_type=\"section\">\n\t\t\t\t\t\t<div class=\"elementor-container elementor-column-gap-default\">\n\t\t\t\t\t<div class=\"elementor-column elementor-col-100 elementor-top-column elementor-element elementor-element-979e969\" data-id=\"979e969\" data-element_type=\"column\">\n\t\t\t<div class=\"elementor-widget-wrap elementor-element-populated\">\n\t\t\t\t\t\t\t\t<div class=\"elementor-element elementor-element-0c1710f elementor-widget elementor-widget-heading\" data-id=\"0c1710f\" data-element_type=\"widget\" data-widget_type=\"heading.default\">\n\t\t\t\t<div class=\"elementor-widget-container\">\n\t\t\t<h1 class=\"elementor-heading-title elementor-size-default\">Rincon de la Victoria<\/h1>\t\t<\/div>\n\t\t\t\t<\/div>\n\t\t\t\t<div class=\"elementor-element elementor-element-1659f92 elementor-widget elementor-widget-osm-map-elementor\" data-id=\"1659f92\" data-element_type=\"widget\" data-widget_type=\"osm-map-elementor.default\">\n\t\t\t\t<div class=\"elementor-widget-container\">\n\t\t\t<div id=\"osm-map-1659f92\" \r\n        class=\"osm-map-container\" \r\n        data-center=\"36.718267695795,-4.2733094252825\"><\/div>        <script type=\"text\/javascript\">\r\n                    <\/script>\r\n        \t\t<\/div>\n\t\t\t\t<\/div>\n\t\t\t\t\t<\/div>\n\t\t<\/div>\n\t\t\t\t\t\t\t<\/div>\n\t\t<\/section>\n\t\t\t\t<section class=\"elementor-section elementor-top-section elementor-element elementor-element-1f6d117 elementor-section-boxed elementor-section-height-default elementor-section-height-default\" data-id=\"1f6d117\" data-element_type=\"section\">\n\t\t\t\t\t\t<div class=\"elementor-container elementor-column-gap-default\">\n\t\t\t\t\t<div class=\"elementor-column elementor-col-100 elementor-top-column elementor-element elementor-element-aedc095\" data-id=\"aedc095\" data-element_type=\"column\">\n\t\t\t<div class=\"elementor-widget-wrap elementor-element-populated\">\n\t\t\t\t\t\t\t\t<div class=\"elementor-element elementor-element-bad5e5f elementor-widget elementor-widget-heading\" data-id=\"bad5e5f\" data-element_type=\"widget\" data-widget_type=\"heading.default\">\n\t\t\t\t<div class=\"elementor-widget-container\">\n\t\t\t<h1 class=\"elementor-heading-title elementor-size-default\">M\u00e1laga<\/h1>\t\t<\/div>\n\t\t\t\t<\/div>\n\t\t\t\t<div class=\"elementor-element elementor-element-5e8b07a elementor-widget elementor-widget-osm-map-elementor\" data-id=\"5e8b07a\" data-element_type=\"widget\" data-widget_type=\"osm-map-elementor.default\">\n\t\t\t\t<div class=\"elementor-widget-container\">\n\t\t\t<div id=\"osm-map-5e8b07a\" \r\n        class=\"osm-map-container\" \r\n        data-center=\"36.717861603593,-4.4191882303608\"><\/div>        <script type=\"text\/javascript\">\r\n                    <\/script>\r\n        \t\t<\/div>\n\t\t\t\t<\/div>\n\t\t\t\t\t<\/div>\n\t\t<\/div>\n\t\t\t\t\t\t\t<\/div>\n\t\t<\/section>\n\t\t\t\t<section class=\"elementor-section elementor-top-section elementor-element elementor-element-759e65b elementor-section-content-middle elementor-section-boxed elementor-section-height-default elementor-section-height-default\" data-id=\"759e65b\" data-element_type=\"section\" data-settings=\"{&quot;background_background&quot;:&quot;classic&quot;}\">\n\t\t\t\t\t\t<div class=\"elementor-container elementor-column-gap-default\">\n\t\t\t\t\t<div class=\"elementor-column elementor-col-66 elementor-top-column elementor-element elementor-element-edc8028\" data-id=\"edc8028\" data-element_type=\"column\">\n\t\t\t<div class=\"elementor-widget-wrap elementor-element-populated\">\n\t\t\t\t\t\t\t\t<div class=\"elementor-element elementor-element-2a93a36 elementor-widget elementor-widget-heading\" data-id=\"2a93a36\" data-element_type=\"widget\" data-widget_type=\"heading.default\">\n\t\t\t\t<div class=\"elementor-widget-container\">\n\t\t\t<h1 class=\"elementor-heading-title elementor-size-default\">Enjoy our city<\/h1>\t\t<\/div>\n\t\t\t\t<\/div>\n\t\t\t\t\t<\/div>\n\t\t<\/div>\n\t\t\t\t<div class=\"elementor-column elementor-col-33 elementor-top-column elementor-element elementor-element-291587d\" data-id=\"291587d\" data-element_type=\"column\">\n\t\t\t<div class=\"elementor-widget-wrap elementor-element-populated\">\n\t\t\t\t\t\t\t\t<div class=\"elementor-element elementor-element-d5b9d3c elementor-align-center elementor-widget elementor-widget-button\" data-id=\"d5b9d3c\" data-element_type=\"widget\" data-widget_type=\"button.default\">\n\t\t\t\t<div class=\"elementor-widget-container\">\n\t\t\t\t\t<div class=\"elementor-button-wrapper\">\n\t\t\t<a class=\"elementor-button elementor-button-link elementor-size-sm\" href=\"https:\/\/zenaidaluxury.icnea.net\/\">\n\t\t\t\t\t\t<span class=\"elementor-button-content-wrapper\">\n\t\t\t\t\t\t<span class=\"elementor-button-text\">BOOK<br> PEACE OF MIND<\/span>\n\t\t<\/span>\n\t\t\t\t\t<\/a>\n\t\t<\/div>\n\t\t\t\t<\/div>\n\t\t\t\t<\/div>\n\t\t\t\t\t<\/div>\n\t\t<\/div>\n\t\t\t\t\t\t\t<\/div>\n\t\t<\/section>\n\t\t\t\t\t\t\t<\/div>","protected":false},"excerpt":{"rendered":"<p>Restaurantes La provincia de M\u00e1laga atesora una inmensa colecci\u00f3n de maravillas, entre las que resulta imposible no destacar su gastronom\u00eda. Restaurantes tradicionales y vanguardistas ofrecen una variedad culinaria que no pasar\u00e1 desapercibida por ning\u00fan amante de la buena mesa. Para aquellos hu\u00e9spedes de La Zenaida Luxury Tourist Apartments, le facilitamos una lista de excelentes restaurantes &hellip;<\/p>\n<p class=\"read-more\"> <a class=\"\" href=\"https:\/\/lazenaidaluxuryrentals.com\/en\/restaurantes\/\"> <span class=\"screen-reader-text\">Restaurants<\/span> Read More &raquo;<\/a><\/p>","protected":false},"author":1,"featured_media":0,"parent":0,"menu_order":0,"comment_status":"closed","ping_status":"closed","template":"","meta":{"site-sidebar-layout":"no-sidebar","site-content-layout":"page-builder","ast-global-header-display":"","ast-banner-title-visibility":"","ast-main-header-display":"","ast-hfb-above-header-display":"","ast-hfb-below-header-display":"","ast-hfb-mobile-header-display":"","site-post-title":"disabled","ast-breadcrumbs-content":"","ast-featured-img":"disabled","footer-sml-layout":"","theme-transparent-header-meta":"","adv-header-id-meta":"","stick-header-meta":"","header-above-stick-meta":"","header-main-stick-meta":"","header-below-stick-meta":""},"yst_prominent_words":[],"yoast_head":"<!-- This site is optimized with the Yoast SEO Premium plugin v14.0.4 - https:\/\/yoast.com\/wordpress\/plugins\/seo\/ -->\n<title>Restaurantes - La Zenaida<\/title>\n<meta name=\"robots\" content=\"index, follow\" \/>\n<meta name=\"googlebot\" content=\"index, follow, max-snippet:-1, max-image-preview:large, max-video-preview:-1\" \/>\n<meta name=\"bingbot\" content=\"index, follow, max-snippet:-1, max-image-preview:large, max-video-preview:-1\" \/>\n<link rel=\"canonical\" href=\"https:\/\/lazenaidaluxuryrentals.com\/en\/restaurantes\/\" \/>\n<meta property=\"og:locale\" content=\"en_GB\" \/>\n<meta property=\"og:type\" content=\"article\" \/>\n<meta property=\"og:title\" content=\"Restaurantes - La Zenaida\" \/>\n<meta property=\"og:description\" content=\"Restaurantes La provincia de M\u00e1laga atesora una inmensa colecci\u00f3n de maravillas, entre las que resulta imposible no destacar su gastronom\u00eda. Restaurantes tradicionales y vanguardistas ofrecen una variedad culinaria que no pasar\u00e1 desapercibida por ning\u00fan amante de la buena mesa. Para aquellos hu\u00e9spedes de La Zenaida Luxury Tourist Apartments, le facilitamos una lista de excelentes restaurantes &hellip; Restaurantes Read More &raquo;\" \/>\n<meta property=\"og:url\" content=\"https:\/\/lazenaidaluxuryrentals.com\/en\/restaurantes\/\" \/>\n<meta property=\"og:site_name\" content=\"La Zenaida\" \/>\n<meta property=\"article:modified_time\" content=\"2023-09-18T09:01:53+00:00\" \/>\n<meta name=\"twitter:card\" content=\"summary_large_image\" \/>\n<script type=\"application\/ld+json\" class=\"yoast-schema-graph\">{\"@context\":\"https:\/\/schema.org\",\"@graph\":[{\"@type\":\"WebSite\",\"@id\":\"https:\/\/lazenaidaluxuryrentals.com\/en\/#website\",\"url\":\"https:\/\/lazenaidaluxuryrentals.com\/en\/\",\"name\":\"La Zenaida\",\"description\":\"\",\"potentialAction\":[{\"@type\":\"SearchAction\",\"target\":\"https:\/\/lazenaidaluxuryrentals.com\/en\/?s={search_term_string}\",\"query-input\":\"required name=search_term_string\"}],\"inLanguage\":\"en-GB\"},{\"@type\":\"WebPage\",\"@id\":\"https:\/\/lazenaidaluxuryrentals.com\/restaurantes\/#webpage\",\"url\":\"https:\/\/lazenaidaluxuryrentals.com\/restaurantes\/\",\"name\":\"Restaurantes - La Zenaida\",\"isPartOf\":{\"@id\":\"https:\/\/lazenaidaluxuryrentals.com\/en\/#website\"},\"datePublished\":\"2023-06-02T09:53:54+00:00\",\"dateModified\":\"2023-09-18T09:01:53+00:00\",\"breadcrumb\":{\"@id\":\"https:\/\/lazenaidaluxuryrentals.com\/restaurantes\/#breadcrumb\"},\"inLanguage\":\"en-GB\",\"potentialAction\":[{\"@type\":\"ReadAction\",\"target\":[\"https:\/\/lazenaidaluxuryrentals.com\/restaurantes\/\"]}]},{\"@type\":\"BreadcrumbList\",\"@id\":\"https:\/\/lazenaidaluxuryrentals.com\/restaurantes\/#breadcrumb\",\"itemListElement\":[{\"@type\":\"ListItem\",\"position\":1,\"item\":{\"@type\":\"WebPage\",\"@id\":\"https:\/\/lazenaidaluxuryrentals.com\/\",\"url\":\"https:\/\/lazenaidaluxuryrentals.com\/\",\"name\":\"Portada\"}},{\"@type\":\"ListItem\",\"position\":2,\"item\":{\"@type\":\"WebPage\",\"@id\":\"https:\/\/lazenaidaluxuryrentals.com\/restaurantes\/\",\"url\":\"https:\/\/lazenaidaluxuryrentals.com\/restaurantes\/\",\"name\":\"Restaurantes\"}}]}]}<\/script>\n<!-- \/ Yoast SEO Premium plugin. -->","_links":{"self":[{"href":"https:\/\/lazenaidaluxuryrentals.com\/en\/wp-json\/wp\/v2\/pages\/734"}],"collection":[{"href":"https:\/\/lazenaidaluxuryrentals.com\/en\/wp-json\/wp\/v2\/pages"}],"about":[{"href":"https:\/\/lazenaidaluxuryrentals.com\/en\/wp-json\/wp\/v2\/types\/page"}],"author":[{"embeddable":true,"href":"https:\/\/lazenaidaluxuryrentals.com\/en\/wp-json\/wp\/v2\/users\/1"}],"replies":[{"embeddable":true,"href":"https:\/\/lazenaidaluxuryrentals.com\/en\/wp-json\/wp\/v2\/comments?post=734"}],"version-history":[{"count":47,"href":"https:\/\/lazenaidaluxuryrentals.com\/en\/wp-json\/wp\/v2\/pages\/734\/revisions"}],"predecessor-version":[{"id":1674,"href":"https:\/\/lazenaidaluxuryrentals.com\/en\/wp-json\/wp\/v2\/pages\/734\/revisions\/1674"}],"wp:attachment":[{"href":"https:\/\/lazenaidaluxuryrentals.com\/en\/wp-json\/wp\/v2\/media?parent=734"}],"wp:term":[{"taxonomy":"yst_prominent_words","embeddable":true,"href":"https:\/\/lazenaidaluxuryrentals.com\/en\/wp-json\/wp\/v2\/yst_prominent_words?post=734"}],"curies":[{"name":"wp","href":"https:\/\/api.w.org\/{rel}","templated":true}]}}