{"id":410,"date":"2023-06-01T08:25:57","date_gmt":"2023-06-01T08:25:57","guid":{"rendered":"https:\/\/lazenaidaluxuryrentals.com\/?page_id=410"},"modified":"2023-09-18T09:09:54","modified_gmt":"2023-09-18T09:09:54","slug":"filosofia","status":"publish","type":"page","link":"https:\/\/lazenaidaluxuryrentals.com\/en\/filosofia\/","title":{"rendered":"Philosophy"},"content":{"rendered":"<div data-elementor-type=\"wp-page\" data-elementor-id=\"410\" class=\"elementor elementor-410\">\n\t\t\t\t\t\t\t\t\t<section class=\"elementor-section elementor-top-section elementor-element elementor-element-0f1712a elementor-section-full_width elementor-section-height-min-height elementor-section-height-default elementor-section-items-middle\" data-id=\"0f1712a\" data-element_type=\"section\" data-settings=\"{&quot;background_background&quot;:&quot;classic&quot;}\">\n\t\t\t\t\t\t<div class=\"elementor-container elementor-column-gap-default\">\n\t\t\t\t\t<div class=\"elementor-column elementor-col-100 elementor-top-column elementor-element elementor-element-7653b2e\" data-id=\"7653b2e\" data-element_type=\"column\">\n\t\t\t<div class=\"elementor-widget-wrap\">\n\t\t\t\t\t\t\t\t\t<\/div>\n\t\t<\/div>\n\t\t\t\t\t\t\t<\/div>\n\t\t<\/section>\n\t\t\t\t<section class=\"elementor-section elementor-top-section elementor-element elementor-element-863703e elementor-section-boxed elementor-section-height-default elementor-section-height-default\" data-id=\"863703e\" data-element_type=\"section\">\n\t\t\t\t\t\t<div class=\"elementor-container elementor-column-gap-default\">\n\t\t\t\t\t<div class=\"elementor-column elementor-col-100 elementor-top-column elementor-element elementor-element-03cad97\" data-id=\"03cad97\" data-element_type=\"column\">\n\t\t\t<div class=\"elementor-widget-wrap elementor-element-populated\">\n\t\t\t\t\t\t\t\t<div class=\"elementor-element elementor-element-dd14ee6 elementor-widget elementor-widget-heading\" data-id=\"dd14ee6\" data-element_type=\"widget\" data-widget_type=\"heading.default\">\n\t\t\t\t<div class=\"elementor-widget-container\">\n\t\t\t<h1 class=\"elementor-heading-title elementor-size-default\">PHILOSOPHY LA ZENAIDA<\/h1>\t\t<\/div>\n\t\t\t\t<\/div>\n\t\t\t\t<div class=\"elementor-element elementor-element-35594cb elementor-widget elementor-widget-heading\" data-id=\"35594cb\" data-element_type=\"widget\" data-widget_type=\"heading.default\">\n\t\t\t\t<div class=\"elementor-widget-container\">\n\t\t\t<h2 class=\"elementor-heading-title elementor-size-default\">Peace, relaxation, and tranquillity.<\/h2>\t\t<\/div>\n\t\t\t\t<\/div>\n\t\t\t\t\t<\/div>\n\t\t<\/div>\n\t\t\t\t\t\t\t<\/div>\n\t\t<\/section>\n\t\t\t\t<section class=\"elementor-section elementor-top-section elementor-element elementor-element-c16b760 elementor-section-boxed elementor-section-height-default elementor-section-height-default\" data-id=\"c16b760\" data-element_type=\"section\">\n\t\t\t\t\t\t<div class=\"elementor-container elementor-column-gap-default\">\n\t\t\t\t\t<div class=\"elementor-column elementor-col-100 elementor-top-column elementor-element elementor-element-2e19031\" data-id=\"2e19031\" data-element_type=\"column\">\n\t\t\t<div class=\"elementor-widget-wrap elementor-element-populated\">\n\t\t\t\t\t\t\t\t<div class=\"elementor-element elementor-element-edee22a elementor-widget elementor-widget-heading\" data-id=\"edee22a\" data-element_type=\"widget\" data-widget_type=\"heading.default\">\n\t\t\t\t<div class=\"elementor-widget-container\">\n\t\t\t<h2 class=\"elementor-heading-title elementor-size-default\">The exclusive La Zenaida flats have been conceived for all those who love nature and peace, far from pollution and noise, all within an unparalleled environment and with spectacular sea views. In order that the philosophy of La Zenaida Luxury Tourist Apartments can maintain the coexistence based on peace, relaxation, and tranquillity, please respect the following rules:<\/h2>\t\t<\/div>\n\t\t\t\t<\/div>\n\t\t\t\t\t<\/div>\n\t\t<\/div>\n\t\t\t\t\t\t\t<\/div>\n\t\t<\/section>\n\t\t\t\t<section class=\"elementor-section elementor-top-section elementor-element elementor-element-04758d9 elementor-section-boxed elementor-section-height-default elementor-section-height-default\" data-id=\"04758d9\" data-element_type=\"section\">\n\t\t\t\t\t\t<div class=\"elementor-container elementor-column-gap-default\">\n\t\t\t\t\t<div class=\"elementor-column elementor-col-100 elementor-top-column elementor-element elementor-element-b2afc2d\" data-id=\"b2afc2d\" data-element_type=\"column\">\n\t\t\t<div class=\"elementor-widget-wrap elementor-element-populated\">\n\t\t\t\t\t\t\t\t<div class=\"elementor-element elementor-element-29dc622 elementor-widget elementor-widget-text-editor\" data-id=\"29dc622\" data-element_type=\"widget\" data-widget_type=\"text-editor.default\">\n\t\t\t\t<div class=\"elementor-widget-container\">\n\t\t\t\t\t\t\t<ol><li>Activities and behaviour that may cause excessive noise and disturbance, such as loud music, television, etc., are forbidden, as are any kind of parties and events, especially after 9:00 pm.<\/li><li>For reasons of hygiene, as well as to ensure peace, relaxation, and tranquillity, it is compulsory to use the slippers provided by the property.<\/li><li>Under no circumstances is it permitted to occupy the flat by more people than those established in its maximum capacity.<\/li><li>Smoking is prohibited inside the dwellings.<\/li><li>Pets on request.<\/li><li>Respect the opening hours of the swimming pool. Open from 1 March to 30 November.<\/li><li>The property has the right to ask the client to vacate the flat if the above-mentioned rules are not complied with.<\/li><\/ol><p>However, these conditions may be consulted and modified with the property.<\/p>\t\t\t\t\t\t<\/div>\n\t\t\t\t<\/div>\n\t\t\t\t\t<\/div>\n\t\t<\/div>\n\t\t\t\t\t\t\t<\/div>\n\t\t<\/section>\n\t\t\t\t<section class=\"elementor-section elementor-top-section elementor-element elementor-element-13e91bd elementor-section-boxed elementor-section-height-default elementor-section-height-default\" data-id=\"13e91bd\" data-element_type=\"section\">\n\t\t\t\t\t\t<div class=\"elementor-container elementor-column-gap-default\">\n\t\t\t\t\t<div class=\"elementor-column elementor-col-100 elementor-top-column elementor-element elementor-element-1643ba3\" data-id=\"1643ba3\" data-element_type=\"column\">\n\t\t\t<div class=\"elementor-widget-wrap elementor-element-populated\">\n\t\t\t\t\t\t\t\t<div class=\"elementor-element elementor-element-9a75c29 elementor-widget elementor-widget-heading\" data-id=\"9a75c29\" data-element_type=\"widget\" data-widget_type=\"heading.default\">\n\t\t\t\t<div class=\"elementor-widget-container\">\n\t\t\t<h2 class=\"elementor-heading-title elementor-size-default\">La Zenaida Luxury Tourist Apartments<\/h2>\t\t<\/div>\n\t\t\t\t<\/div>\n\t\t\t\t\t<\/div>\n\t\t<\/div>\n\t\t\t\t\t\t\t<\/div>\n\t\t<\/section>\n\t\t\t\t\t\t\t<\/div>","protected":false},"excerpt":{"rendered":"<p>FILOSOF\u00cdA LA ZENAIDA Paz, relax y tranquilidad. Los apartamentos exclusivos La Zenaida se han concebido para todos aquellos amantes de la naturaleza y de la paz, lejos de focos de contaminaci\u00f3n y de ruidos, todo ello dentro de un ambiente sin parang\u00f3n y con unas vistas al mar espectaculares. Para que la filosof\u00eda de La &hellip;<\/p>\n<p class=\"read-more\"> <a class=\"\" href=\"https:\/\/lazenaidaluxuryrentals.com\/en\/filosofia\/\"> <span class=\"screen-reader-text\">Philosophy<\/span> Read More &raquo;<\/a><\/p>","protected":false},"author":1,"featured_media":0,"parent":0,"menu_order":0,"comment_status":"closed","ping_status":"closed","template":"","meta":{"site-sidebar-layout":"no-sidebar","site-content-layout":"page-builder","ast-global-header-display":"","ast-banner-title-visibility":"","ast-main-header-display":"","ast-hfb-above-header-display":"","ast-hfb-below-header-display":"","ast-hfb-mobile-header-display":"","site-post-title":"disabled","ast-breadcrumbs-content":"","ast-featured-img":"disabled","footer-sml-layout":"","theme-transparent-header-meta":"","adv-header-id-meta":"","stick-header-meta":"","header-above-stick-meta":"","header-main-stick-meta":"","header-below-stick-meta":""},"yst_prominent_words":[],"yoast_head":"<!-- This site is optimized with the Yoast SEO Premium plugin v14.0.4 - https:\/\/yoast.com\/wordpress\/plugins\/seo\/ -->\n<title>Filosofia - La Zenaida<\/title>\n<meta name=\"robots\" content=\"index, follow\" \/>\n<meta name=\"googlebot\" content=\"index, follow, max-snippet:-1, max-image-preview:large, max-video-preview:-1\" \/>\n<meta name=\"bingbot\" content=\"index, follow, max-snippet:-1, max-image-preview:large, max-video-preview:-1\" \/>\n<link rel=\"canonical\" href=\"https:\/\/lazenaidaluxuryrentals.com\/en\/filosofia\/\" \/>\n<meta property=\"og:locale\" content=\"en_GB\" \/>\n<meta property=\"og:type\" content=\"article\" \/>\n<meta property=\"og:title\" content=\"Filosofia - La Zenaida\" \/>\n<meta property=\"og:description\" content=\"FILOSOF\u00cdA LA ZENAIDA Paz, relax y tranquilidad. Los apartamentos exclusivos La Zenaida se han concebido para todos aquellos amantes de la naturaleza y de la paz, lejos de focos de contaminaci\u00f3n y de ruidos, todo ello dentro de un ambiente sin parang\u00f3n y con unas vistas al mar espectaculares. Para que la filosof\u00eda de La &hellip; Filosofia Read More &raquo;\" \/>\n<meta property=\"og:url\" content=\"https:\/\/lazenaidaluxuryrentals.com\/en\/filosofia\/\" \/>\n<meta property=\"og:site_name\" content=\"La Zenaida\" \/>\n<meta property=\"article:modified_time\" content=\"2023-09-18T09:09:54+00:00\" \/>\n<meta name=\"twitter:card\" content=\"summary_large_image\" \/>\n<script type=\"application\/ld+json\" class=\"yoast-schema-graph\">{\"@context\":\"https:\/\/schema.org\",\"@graph\":[{\"@type\":\"WebSite\",\"@id\":\"https:\/\/lazenaidaluxuryrentals.com\/en\/#website\",\"url\":\"https:\/\/lazenaidaluxuryrentals.com\/en\/\",\"name\":\"La Zenaida\",\"description\":\"\",\"potentialAction\":[{\"@type\":\"SearchAction\",\"target\":\"https:\/\/lazenaidaluxuryrentals.com\/en\/?s={search_term_string}\",\"query-input\":\"required name=search_term_string\"}],\"inLanguage\":\"en-GB\"},{\"@type\":\"WebPage\",\"@id\":\"https:\/\/lazenaidaluxuryrentals.com\/filosofia\/#webpage\",\"url\":\"https:\/\/lazenaidaluxuryrentals.com\/filosofia\/\",\"name\":\"Filosofia - La Zenaida\",\"isPartOf\":{\"@id\":\"https:\/\/lazenaidaluxuryrentals.com\/en\/#website\"},\"datePublished\":\"2023-06-01T08:25:57+00:00\",\"dateModified\":\"2023-09-18T09:09:54+00:00\",\"breadcrumb\":{\"@id\":\"https:\/\/lazenaidaluxuryrentals.com\/filosofia\/#breadcrumb\"},\"inLanguage\":\"en-GB\",\"potentialAction\":[{\"@type\":\"ReadAction\",\"target\":[\"https:\/\/lazenaidaluxuryrentals.com\/filosofia\/\"]}]},{\"@type\":\"BreadcrumbList\",\"@id\":\"https:\/\/lazenaidaluxuryrentals.com\/filosofia\/#breadcrumb\",\"itemListElement\":[{\"@type\":\"ListItem\",\"position\":1,\"item\":{\"@type\":\"WebPage\",\"@id\":\"https:\/\/lazenaidaluxuryrentals.com\/\",\"url\":\"https:\/\/lazenaidaluxuryrentals.com\/\",\"name\":\"Portada\"}},{\"@type\":\"ListItem\",\"position\":2,\"item\":{\"@type\":\"WebPage\",\"@id\":\"https:\/\/lazenaidaluxuryrentals.com\/filosofia\/\",\"url\":\"https:\/\/lazenaidaluxuryrentals.com\/filosofia\/\",\"name\":\"Filosofia\"}}]}]}<\/script>\n<!-- \/ Yoast SEO Premium plugin. -->","_links":{"self":[{"href":"https:\/\/lazenaidaluxuryrentals.com\/en\/wp-json\/wp\/v2\/pages\/410"}],"collection":[{"href":"https:\/\/lazenaidaluxuryrentals.com\/en\/wp-json\/wp\/v2\/pages"}],"about":[{"href":"https:\/\/lazenaidaluxuryrentals.com\/en\/wp-json\/wp\/v2\/types\/page"}],"author":[{"embeddable":true,"href":"https:\/\/lazenaidaluxuryrentals.com\/en\/wp-json\/wp\/v2\/users\/1"}],"replies":[{"embeddable":true,"href":"https:\/\/lazenaidaluxuryrentals.com\/en\/wp-json\/wp\/v2\/comments?post=410"}],"version-history":[{"count":33,"href":"https:\/\/lazenaidaluxuryrentals.com\/en\/wp-json\/wp\/v2\/pages\/410\/revisions"}],"predecessor-version":[{"id":1742,"href":"https:\/\/lazenaidaluxuryrentals.com\/en\/wp-json\/wp\/v2\/pages\/410\/revisions\/1742"}],"wp:attachment":[{"href":"https:\/\/lazenaidaluxuryrentals.com\/en\/wp-json\/wp\/v2\/media?parent=410"}],"wp:term":[{"taxonomy":"yst_prominent_words","embeddable":true,"href":"https:\/\/lazenaidaluxuryrentals.com\/en\/wp-json\/wp\/v2\/yst_prominent_words?post=410"}],"curies":[{"name":"wp","href":"https:\/\/api.w.org\/{rel}","templated":true}]}}