{"id":310,"date":"2023-05-31T12:23:49","date_gmt":"2023-05-31T12:23:49","guid":{"rendered":"https:\/\/lazenaidaluxuryrentals.com\/?page_id=310"},"modified":"2023-09-18T08:53:57","modified_gmt":"2023-09-18T08:53:57","slug":"clubs-de-hipica","status":"publish","type":"page","link":"https:\/\/lazenaidaluxuryrentals.com\/en\/clubs-de-hipica\/","title":{"rendered":"Equestrian clubs"},"content":{"rendered":"<div data-elementor-type=\"wp-page\" data-elementor-id=\"310\" class=\"elementor elementor-310\">\n\t\t\t\t\t\t\t\t\t<section class=\"elementor-section elementor-top-section elementor-element elementor-element-0f1712a elementor-section-full_width elementor-section-height-min-height elementor-section-height-default elementor-section-items-middle\" data-id=\"0f1712a\" data-element_type=\"section\" data-settings=\"{&quot;background_background&quot;:&quot;classic&quot;}\">\n\t\t\t\t\t\t<div class=\"elementor-container elementor-column-gap-default\">\n\t\t\t\t\t<div class=\"elementor-column elementor-col-100 elementor-top-column elementor-element elementor-element-7653b2e\" data-id=\"7653b2e\" data-element_type=\"column\">\n\t\t\t<div class=\"elementor-widget-wrap\">\n\t\t\t\t\t\t\t\t\t<\/div>\n\t\t<\/div>\n\t\t\t\t\t\t\t<\/div>\n\t\t<\/section>\n\t\t\t\t<section class=\"elementor-section elementor-top-section elementor-element elementor-element-863703e elementor-section-boxed elementor-section-height-default elementor-section-height-default\" data-id=\"863703e\" data-element_type=\"section\">\n\t\t\t\t\t\t<div class=\"elementor-container elementor-column-gap-default\">\n\t\t\t\t\t<div class=\"elementor-column elementor-col-100 elementor-top-column elementor-element elementor-element-03cad97\" data-id=\"03cad97\" data-element_type=\"column\">\n\t\t\t<div class=\"elementor-widget-wrap elementor-element-populated\">\n\t\t\t\t\t\t\t\t<div class=\"elementor-element elementor-element-dd14ee6 elementor-widget elementor-widget-heading\" data-id=\"dd14ee6\" data-element_type=\"widget\" data-widget_type=\"heading.default\">\n\t\t\t\t<div class=\"elementor-widget-container\">\n\t\t\t<h1 class=\"elementor-heading-title elementor-size-default\">Equestrian clubs<\/h1>\t\t<\/div>\n\t\t\t\t<\/div>\n\t\t\t\t<div class=\"elementor-element elementor-element-7f707b5 elementor-widget elementor-widget-heading\" data-id=\"7f707b5\" data-element_type=\"widget\" data-widget_type=\"heading.default\">\n\t\t\t\t<div class=\"elementor-widget-container\">\n\t\t\t<h2 class=\"elementor-heading-title elementor-size-default\">The Zenaida Luxury Tourist Apartments is only 5 minutes away from the Happy Horse Equestrian Centre. This centre organises special activities and camps for children. They also offer dressage circuits and lessons for beginners and advanced riders.<\/h2>\t\t<\/div>\n\t\t\t\t<\/div>\n\t\t\t\t\t<\/div>\n\t\t<\/div>\n\t\t\t\t\t\t\t<\/div>\n\t\t<\/section>\n\t\t\t\t<section class=\"elementor-section elementor-top-section elementor-element elementor-element-696982c elementor-section-full_width elementor-section-stretched elementor-reverse-tablet elementor-reverse-mobile elementor-section-height-default elementor-section-height-default\" data-id=\"696982c\" data-element_type=\"section\" data-settings=\"{&quot;background_background&quot;:&quot;classic&quot;,&quot;stretch_section&quot;:&quot;section-stretched&quot;}\">\n\t\t\t\t\t\t<div class=\"elementor-container elementor-column-gap-default\">\n\t\t\t\t\t<div class=\"elementor-column elementor-col-50 elementor-top-column elementor-element elementor-element-a23c2e2\" data-id=\"a23c2e2\" data-element_type=\"column\">\n\t\t\t<div class=\"elementor-widget-wrap elementor-element-populated\">\n\t\t\t\t\t\t\t\t<div class=\"elementor-element elementor-element-c7803f6 elementor-widget elementor-widget-image\" data-id=\"c7803f6\" data-element_type=\"widget\" data-widget_type=\"image.default\">\n\t\t\t\t<div class=\"elementor-widget-container\">\n\t\t\t\t\t\t\t\t\t\t\t\t\t\t\t<img decoding=\"async\" width=\"960\" height=\"540\" src=\"https:\/\/lazenaidaluxuryrentals.com\/wp-content\/uploads\/hipca_in.jpg\" class=\"attachment-full size-full wp-image-313\" alt=\"\" srcset=\"https:\/\/lazenaidaluxuryrentals.com\/wp-content\/uploads\/hipca_in.jpg 960w, https:\/\/lazenaidaluxuryrentals.com\/wp-content\/uploads\/hipca_in-300x169.jpg 300w, https:\/\/lazenaidaluxuryrentals.com\/wp-content\/uploads\/hipca_in-768x432.jpg 768w\" sizes=\"(max-width: 960px) 100vw, 960px\" \/>\t\t\t\t\t\t\t\t\t\t\t\t\t\t\t<\/div>\n\t\t\t\t<\/div>\n\t\t\t\t\t<\/div>\n\t\t<\/div>\n\t\t\t\t<div class=\"elementor-column elementor-col-50 elementor-top-column elementor-element elementor-element-720a6c8\" data-id=\"720a6c8\" data-element_type=\"column\">\n\t\t\t<div class=\"elementor-widget-wrap elementor-element-populated\">\n\t\t\t\t\t\t\t\t<div class=\"elementor-element elementor-element-682ee57 elementor-widget elementor-widget-text-editor\" data-id=\"682ee57\" data-element_type=\"widget\" data-widget_type=\"text-editor.default\">\n\t\t\t\t<div class=\"elementor-widget-container\">\n\t\t\t\t\t\t\t<p><strong>Prices for Individual classes<\/strong> <em>(one teacher and one student)<\/em>.<br \/>\u00a0 \u00a0 31\u20ac\/hour<\/p><p><strong>Group classes<\/strong> <em>(3-5 students)<\/em><br \/>\u00a0 \u00a0 22\u20ac\/hour<br \/>\u00a0 \u00a0 17\u20ac\/ 30 mins.<\/p>\t\t\t\t\t\t<\/div>\n\t\t\t\t<\/div>\n\t\t\t\t\t<\/div>\n\t\t<\/div>\n\t\t\t\t\t\t\t<\/div>\n\t\t<\/section>\n\t\t\t\t<section class=\"elementor-section elementor-top-section elementor-element elementor-element-2047ae2 elementor-section-content-middle elementor-section-boxed elementor-section-height-default elementor-section-height-default\" data-id=\"2047ae2\" data-element_type=\"section\" data-settings=\"{&quot;background_background&quot;:&quot;classic&quot;}\">\n\t\t\t\t\t\t<div class=\"elementor-container elementor-column-gap-default\">\n\t\t\t\t\t<div class=\"elementor-column elementor-col-66 elementor-top-column elementor-element elementor-element-7069788\" data-id=\"7069788\" data-element_type=\"column\">\n\t\t\t<div class=\"elementor-widget-wrap elementor-element-populated\">\n\t\t\t\t\t\t\t\t<div class=\"elementor-element elementor-element-95cc618 elementor-widget elementor-widget-heading\" data-id=\"95cc618\" data-element_type=\"widget\" data-widget_type=\"heading.default\">\n\t\t\t\t<div class=\"elementor-widget-container\">\n\t\t\t<h1 class=\"elementor-heading-title elementor-size-default\">Enjoy our city<\/h1>\t\t<\/div>\n\t\t\t\t<\/div>\n\t\t\t\t\t<\/div>\n\t\t<\/div>\n\t\t\t\t<div class=\"elementor-column elementor-col-33 elementor-top-column elementor-element elementor-element-fdf1ea3\" data-id=\"fdf1ea3\" data-element_type=\"column\">\n\t\t\t<div class=\"elementor-widget-wrap elementor-element-populated\">\n\t\t\t\t\t\t\t\t<div class=\"elementor-element elementor-element-82f484b elementor-align-center elementor-widget elementor-widget-button\" data-id=\"82f484b\" data-element_type=\"widget\" data-widget_type=\"button.default\">\n\t\t\t\t<div class=\"elementor-widget-container\">\n\t\t\t\t\t<div class=\"elementor-button-wrapper\">\n\t\t\t<a class=\"elementor-button elementor-button-link elementor-size-sm\" href=\"https:\/\/zenaidaluxury.icnea.net\/\">\n\t\t\t\t\t\t<span class=\"elementor-button-content-wrapper\">\n\t\t\t\t\t\t<span class=\"elementor-button-text\">BOOK<br> PEACE OF MIND<\/span>\n\t\t<\/span>\n\t\t\t\t\t<\/a>\n\t\t<\/div>\n\t\t\t\t<\/div>\n\t\t\t\t<\/div>\n\t\t\t\t\t<\/div>\n\t\t<\/div>\n\t\t\t\t\t\t\t<\/div>\n\t\t<\/section>\n\t\t\t\t\t\t\t<\/div>","protected":false},"excerpt":{"rendered":"<p>Clubs de h\u00edpica La Zenaida Luxury Tourist Apartments se encuentra a tan solo 5 minutos del centro ecuestre \u201cHappy Horse\u201d. Dicho centro organiza actividades y campamentos especiales para ni\u00f1os. Tambi\u00e9n realizan circuitos de Doma Cl\u00e1sica y clases de iniciaci\u00f3n a la h\u00edpica y perfeccionamiento. Precios clases individuales (un profesor y un alumno).\u00a0 \u00a0 31\u20ac\/ hora &hellip;<\/p>\n<p class=\"read-more\"> <a class=\"\" href=\"https:\/\/lazenaidaluxuryrentals.com\/en\/clubs-de-hipica\/\"> <span class=\"screen-reader-text\">Equestrian clubs<\/span> Read More &raquo;<\/a><\/p>","protected":false},"author":1,"featured_media":0,"parent":0,"menu_order":0,"comment_status":"closed","ping_status":"closed","template":"","meta":{"site-sidebar-layout":"no-sidebar","site-content-layout":"page-builder","ast-global-header-display":"","ast-banner-title-visibility":"","ast-main-header-display":"","ast-hfb-above-header-display":"","ast-hfb-below-header-display":"","ast-hfb-mobile-header-display":"","site-post-title":"disabled","ast-breadcrumbs-content":"","ast-featured-img":"disabled","footer-sml-layout":"","theme-transparent-header-meta":"","adv-header-id-meta":"","stick-header-meta":"","header-above-stick-meta":"","header-main-stick-meta":"","header-below-stick-meta":""},"yst_prominent_words":[],"yoast_head":"<!-- This site is optimized with the Yoast SEO Premium plugin v14.0.4 - https:\/\/yoast.com\/wordpress\/plugins\/seo\/ -->\n<title>Clubs de h\u00edpica - La Zenaida<\/title>\n<meta name=\"robots\" content=\"index, follow\" \/>\n<meta name=\"googlebot\" content=\"index, follow, max-snippet:-1, max-image-preview:large, max-video-preview:-1\" \/>\n<meta name=\"bingbot\" content=\"index, follow, max-snippet:-1, max-image-preview:large, max-video-preview:-1\" \/>\n<link rel=\"canonical\" href=\"https:\/\/lazenaidaluxuryrentals.com\/en\/clubs-de-hipica\/\" \/>\n<meta property=\"og:locale\" content=\"en_GB\" \/>\n<meta property=\"og:type\" content=\"article\" \/>\n<meta property=\"og:title\" content=\"Clubs de h\u00edpica - La Zenaida\" \/>\n<meta property=\"og:description\" content=\"Clubs de h\u00edpica La Zenaida Luxury Tourist Apartments se encuentra a tan solo 5 minutos del centro ecuestre \u201cHappy Horse\u201d. Dicho centro organiza actividades y campamentos especiales para ni\u00f1os. Tambi\u00e9n realizan circuitos de Doma Cl\u00e1sica y clases de iniciaci\u00f3n a la h\u00edpica y perfeccionamiento. Precios clases individuales (un profesor y un alumno).\u00a0 \u00a0 31\u20ac\/ hora &hellip; Clubs de h\u00edpica Read More &raquo;\" \/>\n<meta property=\"og:url\" content=\"https:\/\/lazenaidaluxuryrentals.com\/en\/clubs-de-hipica\/\" \/>\n<meta property=\"og:site_name\" content=\"La Zenaida\" \/>\n<meta property=\"article:modified_time\" content=\"2023-09-18T08:53:57+00:00\" \/>\n<meta property=\"og:image\" content=\"https:\/\/lazenaidaluxuryrentals.com\/wp-content\/uploads\/hipca_in.jpg\" \/>\n<meta name=\"twitter:card\" content=\"summary_large_image\" \/>\n<script type=\"application\/ld+json\" class=\"yoast-schema-graph\">{\"@context\":\"https:\/\/schema.org\",\"@graph\":[{\"@type\":\"WebSite\",\"@id\":\"https:\/\/lazenaidaluxuryrentals.com\/en\/#website\",\"url\":\"https:\/\/lazenaidaluxuryrentals.com\/en\/\",\"name\":\"La Zenaida\",\"description\":\"\",\"potentialAction\":[{\"@type\":\"SearchAction\",\"target\":\"https:\/\/lazenaidaluxuryrentals.com\/en\/?s={search_term_string}\",\"query-input\":\"required name=search_term_string\"}],\"inLanguage\":\"en-GB\"},{\"@type\":\"ImageObject\",\"@id\":\"https:\/\/lazenaidaluxuryrentals.com\/clubs-de-hipica\/#primaryimage\",\"inLanguage\":\"en-GB\",\"url\":\"https:\/\/lazenaidaluxuryrentals.com\/wp-content\/uploads\/hipca_in.jpg\",\"width\":960,\"height\":540},{\"@type\":\"WebPage\",\"@id\":\"https:\/\/lazenaidaluxuryrentals.com\/clubs-de-hipica\/#webpage\",\"url\":\"https:\/\/lazenaidaluxuryrentals.com\/clubs-de-hipica\/\",\"name\":\"Clubs de h\\u00edpica - La Zenaida\",\"isPartOf\":{\"@id\":\"https:\/\/lazenaidaluxuryrentals.com\/en\/#website\"},\"primaryImageOfPage\":{\"@id\":\"https:\/\/lazenaidaluxuryrentals.com\/clubs-de-hipica\/#primaryimage\"},\"datePublished\":\"2023-05-31T12:23:49+00:00\",\"dateModified\":\"2023-09-18T08:53:57+00:00\",\"breadcrumb\":{\"@id\":\"https:\/\/lazenaidaluxuryrentals.com\/clubs-de-hipica\/#breadcrumb\"},\"inLanguage\":\"en-GB\",\"potentialAction\":[{\"@type\":\"ReadAction\",\"target\":[\"https:\/\/lazenaidaluxuryrentals.com\/clubs-de-hipica\/\"]}]},{\"@type\":\"BreadcrumbList\",\"@id\":\"https:\/\/lazenaidaluxuryrentals.com\/clubs-de-hipica\/#breadcrumb\",\"itemListElement\":[{\"@type\":\"ListItem\",\"position\":1,\"item\":{\"@type\":\"WebPage\",\"@id\":\"https:\/\/lazenaidaluxuryrentals.com\/\",\"url\":\"https:\/\/lazenaidaluxuryrentals.com\/\",\"name\":\"Portada\"}},{\"@type\":\"ListItem\",\"position\":2,\"item\":{\"@type\":\"WebPage\",\"@id\":\"https:\/\/lazenaidaluxuryrentals.com\/clubs-de-hipica\/\",\"url\":\"https:\/\/lazenaidaluxuryrentals.com\/clubs-de-hipica\/\",\"name\":\"Clubs de h\\u00edpica\"}}]}]}<\/script>\n<!-- \/ Yoast SEO Premium plugin. -->","_links":{"self":[{"href":"https:\/\/lazenaidaluxuryrentals.com\/en\/wp-json\/wp\/v2\/pages\/310"}],"collection":[{"href":"https:\/\/lazenaidaluxuryrentals.com\/en\/wp-json\/wp\/v2\/pages"}],"about":[{"href":"https:\/\/lazenaidaluxuryrentals.com\/en\/wp-json\/wp\/v2\/types\/page"}],"author":[{"embeddable":true,"href":"https:\/\/lazenaidaluxuryrentals.com\/en\/wp-json\/wp\/v2\/users\/1"}],"replies":[{"embeddable":true,"href":"https:\/\/lazenaidaluxuryrentals.com\/en\/wp-json\/wp\/v2\/comments?post=310"}],"version-history":[{"count":25,"href":"https:\/\/lazenaidaluxuryrentals.com\/en\/wp-json\/wp\/v2\/pages\/310\/revisions"}],"predecessor-version":[{"id":1662,"href":"https:\/\/lazenaidaluxuryrentals.com\/en\/wp-json\/wp\/v2\/pages\/310\/revisions\/1662"}],"wp:attachment":[{"href":"https:\/\/lazenaidaluxuryrentals.com\/en\/wp-json\/wp\/v2\/media?parent=310"}],"wp:term":[{"taxonomy":"yst_prominent_words","embeddable":true,"href":"https:\/\/lazenaidaluxuryrentals.com\/en\/wp-json\/wp\/v2\/yst_prominent_words?post=310"}],"curies":[{"name":"wp","href":"https:\/\/api.w.org\/{rel}","templated":true}]}}