{"id":285,"date":"2023-05-31T11:55:47","date_gmt":"2023-05-31T11:55:47","guid":{"rendered":"https:\/\/lazenaidaluxuryrentals.com\/?page_id=285"},"modified":"2023-09-18T08:51:10","modified_gmt":"2023-09-18T08:51:10","slug":"clubs-de-golf","status":"publish","type":"page","link":"https:\/\/lazenaidaluxuryrentals.com\/en\/clubs-de-golf\/","title":{"rendered":"Golf Clubs"},"content":{"rendered":"<div data-elementor-type=\"wp-page\" data-elementor-id=\"285\" class=\"elementor elementor-285\">\n\t\t\t\t\t\t\t\t\t<section class=\"elementor-section elementor-top-section elementor-element elementor-element-0f1712a elementor-section-full_width elementor-section-height-min-height elementor-section-height-default elementor-section-items-middle\" data-id=\"0f1712a\" data-element_type=\"section\" data-settings=\"{&quot;background_background&quot;:&quot;classic&quot;}\">\n\t\t\t\t\t\t<div class=\"elementor-container elementor-column-gap-default\">\n\t\t\t\t\t<div class=\"elementor-column elementor-col-100 elementor-top-column elementor-element elementor-element-7653b2e\" data-id=\"7653b2e\" data-element_type=\"column\">\n\t\t\t<div class=\"elementor-widget-wrap\">\n\t\t\t\t\t\t\t\t\t<\/div>\n\t\t<\/div>\n\t\t\t\t\t\t\t<\/div>\n\t\t<\/section>\n\t\t\t\t<section class=\"elementor-section elementor-top-section elementor-element elementor-element-863703e elementor-section-boxed elementor-section-height-default elementor-section-height-default\" data-id=\"863703e\" data-element_type=\"section\">\n\t\t\t\t\t\t<div class=\"elementor-container elementor-column-gap-default\">\n\t\t\t\t\t<div class=\"elementor-column elementor-col-100 elementor-top-column elementor-element elementor-element-03cad97\" data-id=\"03cad97\" data-element_type=\"column\">\n\t\t\t<div class=\"elementor-widget-wrap elementor-element-populated\">\n\t\t\t\t\t\t\t\t<div class=\"elementor-element elementor-element-dd14ee6 elementor-widget elementor-widget-heading\" data-id=\"dd14ee6\" data-element_type=\"widget\" data-widget_type=\"heading.default\">\n\t\t\t\t<div class=\"elementor-widget-container\">\n\t\t\t<h1 class=\"elementor-heading-title elementor-size-default\">Golf Clubs<\/h1>\t\t<\/div>\n\t\t\t\t<\/div>\n\t\t\t\t<div class=\"elementor-element elementor-element-7f707b5 elementor-widget elementor-widget-heading\" data-id=\"7f707b5\" data-element_type=\"widget\" data-widget_type=\"heading.default\">\n\t\t\t\t<div class=\"elementor-widget-container\">\n\t\t\t<h2 class=\"elementor-heading-title elementor-size-default\">La Zenaida Luxury Tourist Apartments is the ideal destination for golf lovers. Only 4 minutes from A\u00f1oreta Golf Course, 10 minutes from Real Club de Golf El Candado and 15 minutes from Baviera Golf; our guests will be able to move easily to enjoy this wonderful sport, without having to give up the tranquillity, peace, and harmony of La Zenaida Luxury Tourist Apartments.<\/h2>\t\t<\/div>\n\t\t\t\t<\/div>\n\t\t\t\t\t<\/div>\n\t\t<\/div>\n\t\t\t\t\t\t\t<\/div>\n\t\t<\/section>\n\t\t\t\t<section class=\"elementor-section elementor-top-section elementor-element elementor-element-696982c elementor-section-full_width elementor-section-stretched elementor-reverse-tablet elementor-reverse-mobile elementor-section-height-default elementor-section-height-default\" data-id=\"696982c\" data-element_type=\"section\" data-settings=\"{&quot;background_background&quot;:&quot;classic&quot;,&quot;stretch_section&quot;:&quot;section-stretched&quot;}\">\n\t\t\t\t\t\t<div class=\"elementor-container elementor-column-gap-default\">\n\t\t\t\t\t<div class=\"elementor-column elementor-col-50 elementor-top-column elementor-element elementor-element-a23c2e2\" data-id=\"a23c2e2\" data-element_type=\"column\">\n\t\t\t<div class=\"elementor-widget-wrap elementor-element-populated\">\n\t\t\t\t\t\t\t\t<div class=\"elementor-element elementor-element-c7803f6 elementor-widget elementor-widget-image\" data-id=\"c7803f6\" data-element_type=\"widget\" data-widget_type=\"image.default\">\n\t\t\t\t<div class=\"elementor-widget-container\">\n\t\t\t\t\t\t\t\t\t\t\t\t\t\t\t<img decoding=\"async\" width=\"960\" height=\"540\" src=\"https:\/\/lazenaidaluxuryrentals.com\/wp-content\/uploads\/golf_in-1.jpg\" class=\"attachment-full size-full wp-image-294\" alt=\"\" srcset=\"https:\/\/lazenaidaluxuryrentals.com\/wp-content\/uploads\/golf_in-1.jpg 960w, https:\/\/lazenaidaluxuryrentals.com\/wp-content\/uploads\/golf_in-1-300x169.jpg 300w, https:\/\/lazenaidaluxuryrentals.com\/wp-content\/uploads\/golf_in-1-768x432.jpg 768w\" sizes=\"(max-width: 960px) 100vw, 960px\" \/>\t\t\t\t\t\t\t\t\t\t\t\t\t\t\t<\/div>\n\t\t\t\t<\/div>\n\t\t\t\t\t<\/div>\n\t\t<\/div>\n\t\t\t\t<div class=\"elementor-column elementor-col-50 elementor-top-column elementor-element elementor-element-720a6c8\" data-id=\"720a6c8\" data-element_type=\"column\">\n\t\t\t<div class=\"elementor-widget-wrap elementor-element-populated\">\n\t\t\t\t\t\t\t\t<div class=\"elementor-element elementor-element-71e8509 elementor-widget elementor-widget-heading\" data-id=\"71e8509\" data-element_type=\"widget\" data-widget_type=\"heading.default\">\n\t\t\t\t<div class=\"elementor-widget-container\">\n\t\t\t<h1 class=\"elementor-heading-title elementor-size-default\">A\u00f1oreta Golf<\/h1>\t\t<\/div>\n\t\t\t\t<\/div>\n\t\t\t\t<div class=\"elementor-element elementor-element-682ee57 elementor-widget elementor-widget-text-editor\" data-id=\"682ee57\" data-element_type=\"widget\" data-widget_type=\"text-editor.default\">\n\t\t\t\t<div class=\"elementor-widget-container\">\n\t\t\t\t\t\t\t<p><strong>Address:<\/strong> Av. del Golf, s\/n, 29730 Rinc\u00f3n de la Victoria, M\u00e1laga<br \/><strong>Schedule:<\/strong> Monday to Sunday from 8:00 to 20:30<br \/><strong>Phone number:<\/strong> 952 40 50 00<\/p>\t\t\t\t\t\t<\/div>\n\t\t\t\t<\/div>\n\t\t\t\t\t<\/div>\n\t\t<\/div>\n\t\t\t\t\t\t\t<\/div>\n\t\t<\/section>\n\t\t\t\t<section class=\"elementor-section elementor-top-section elementor-element elementor-element-063a7d1 elementor-section-full_width elementor-section-stretched elementor-section-height-default elementor-section-height-default\" data-id=\"063a7d1\" data-element_type=\"section\" data-settings=\"{&quot;background_background&quot;:&quot;classic&quot;,&quot;stretch_section&quot;:&quot;section-stretched&quot;}\">\n\t\t\t\t\t\t<div class=\"elementor-container elementor-column-gap-default\">\n\t\t\t\t\t<div class=\"elementor-column elementor-col-50 elementor-top-column elementor-element elementor-element-29bd270\" data-id=\"29bd270\" data-element_type=\"column\">\n\t\t\t<div class=\"elementor-widget-wrap elementor-element-populated\">\n\t\t\t\t\t\t\t\t<div class=\"elementor-element elementor-element-8c15c05 elementor-widget elementor-widget-heading\" data-id=\"8c15c05\" data-element_type=\"widget\" data-widget_type=\"heading.default\">\n\t\t\t\t<div class=\"elementor-widget-container\">\n\t\t\t<h1 class=\"elementor-heading-title elementor-size-default\">Real Club de Golf El Candado<\/h1>\t\t<\/div>\n\t\t\t\t<\/div>\n\t\t\t\t<div class=\"elementor-element elementor-element-ababee1 elementor-widget elementor-widget-text-editor\" data-id=\"ababee1\" data-element_type=\"widget\" data-widget_type=\"text-editor.default\">\n\t\t\t\t<div class=\"elementor-widget-container\">\n\t\t\t\t\t\t\t<p><strong>Address:<\/strong> C. Golf del Candado, 2, 29018 M\u00e1laga<br \/><strong>Schedule:<\/strong> Monday to Sunday from 8:00am to 09:00pm<br \/><strong>Phone number:<\/strong> 952 29 93 40<\/p>\t\t\t\t\t\t<\/div>\n\t\t\t\t<\/div>\n\t\t\t\t\t<\/div>\n\t\t<\/div>\n\t\t\t\t<div class=\"elementor-column elementor-col-50 elementor-top-column elementor-element elementor-element-22f68cc\" data-id=\"22f68cc\" data-element_type=\"column\">\n\t\t\t<div class=\"elementor-widget-wrap elementor-element-populated\">\n\t\t\t\t\t\t\t\t<div class=\"elementor-element elementor-element-8aff335 elementor-widget elementor-widget-image\" data-id=\"8aff335\" data-element_type=\"widget\" data-widget_type=\"image.default\">\n\t\t\t\t<div class=\"elementor-widget-container\">\n\t\t\t\t\t\t\t\t\t\t\t\t\t\t\t<img decoding=\"async\" width=\"960\" height=\"540\" src=\"https:\/\/lazenaidaluxuryrentals.com\/wp-content\/uploads\/golf_in_1-1.jpg\" class=\"attachment-full size-full wp-image-296\" alt=\"\" srcset=\"https:\/\/lazenaidaluxuryrentals.com\/wp-content\/uploads\/golf_in_1-1.jpg 960w, https:\/\/lazenaidaluxuryrentals.com\/wp-content\/uploads\/golf_in_1-1-300x169.jpg 300w, https:\/\/lazenaidaluxuryrentals.com\/wp-content\/uploads\/golf_in_1-1-768x432.jpg 768w\" sizes=\"(max-width: 960px) 100vw, 960px\" \/>\t\t\t\t\t\t\t\t\t\t\t\t\t\t\t<\/div>\n\t\t\t\t<\/div>\n\t\t\t\t\t<\/div>\n\t\t<\/div>\n\t\t\t\t\t\t\t<\/div>\n\t\t<\/section>\n\t\t\t\t<section class=\"elementor-section elementor-top-section elementor-element elementor-element-dd178a1 elementor-section-full_width elementor-section-stretched elementor-reverse-tablet elementor-reverse-mobile elementor-section-height-default elementor-section-height-default\" data-id=\"dd178a1\" data-element_type=\"section\" data-settings=\"{&quot;background_background&quot;:&quot;classic&quot;,&quot;stretch_section&quot;:&quot;section-stretched&quot;}\">\n\t\t\t\t\t\t<div class=\"elementor-container elementor-column-gap-default\">\n\t\t\t\t\t<div class=\"elementor-column elementor-col-50 elementor-top-column elementor-element elementor-element-00535ba\" data-id=\"00535ba\" data-element_type=\"column\">\n\t\t\t<div class=\"elementor-widget-wrap elementor-element-populated\">\n\t\t\t\t\t\t\t\t<div class=\"elementor-element elementor-element-b0f47ad elementor-widget elementor-widget-image\" data-id=\"b0f47ad\" data-element_type=\"widget\" data-widget_type=\"image.default\">\n\t\t\t\t<div class=\"elementor-widget-container\">\n\t\t\t\t\t\t\t\t\t\t\t\t\t\t\t<img decoding=\"async\" width=\"960\" height=\"540\" src=\"https:\/\/lazenaidaluxuryrentals.com\/wp-content\/uploads\/golf_in_2-2.jpg\" class=\"attachment-full size-full wp-image-299\" alt=\"\" srcset=\"https:\/\/lazenaidaluxuryrentals.com\/wp-content\/uploads\/golf_in_2-2.jpg 960w, https:\/\/lazenaidaluxuryrentals.com\/wp-content\/uploads\/golf_in_2-2-300x169.jpg 300w, https:\/\/lazenaidaluxuryrentals.com\/wp-content\/uploads\/golf_in_2-2-768x432.jpg 768w\" sizes=\"(max-width: 960px) 100vw, 960px\" \/>\t\t\t\t\t\t\t\t\t\t\t\t\t\t\t<\/div>\n\t\t\t\t<\/div>\n\t\t\t\t\t<\/div>\n\t\t<\/div>\n\t\t\t\t<div class=\"elementor-column elementor-col-50 elementor-top-column elementor-element elementor-element-aae9ec3\" data-id=\"aae9ec3\" data-element_type=\"column\">\n\t\t\t<div class=\"elementor-widget-wrap elementor-element-populated\">\n\t\t\t\t\t\t\t\t<div class=\"elementor-element elementor-element-3008445 elementor-widget elementor-widget-heading\" data-id=\"3008445\" data-element_type=\"widget\" data-widget_type=\"heading.default\">\n\t\t\t\t<div class=\"elementor-widget-container\">\n\t\t\t<h1 class=\"elementor-heading-title elementor-size-default\">Baviera Golf<\/h1>\t\t<\/div>\n\t\t\t\t<\/div>\n\t\t\t\t<div class=\"elementor-element elementor-element-89f6a02 elementor-widget elementor-widget-text-editor\" data-id=\"89f6a02\" data-element_type=\"widget\" data-widget_type=\"text-editor.default\">\n\t\t\t\t<div class=\"elementor-widget-container\">\n\t\t\t\t\t\t\t<p><strong>Address:<\/strong> Casa Club Urbanizaci\u00f3n Baviera Golf, <br \/>29751 Caleta de V\u00e9lez, M\u00e1laga<br \/><strong>Schedule:<\/strong> Monday to Sunday from 8:00 to 18:15<br \/><strong>Phone number:<\/strong> 952 55 50 15<\/p>\t\t\t\t\t\t<\/div>\n\t\t\t\t<\/div>\n\t\t\t\t\t<\/div>\n\t\t<\/div>\n\t\t\t\t\t\t\t<\/div>\n\t\t<\/section>\n\t\t\t\t<section class=\"elementor-section elementor-top-section elementor-element elementor-element-8386c31 elementor-section-content-middle elementor-section-boxed elementor-section-height-default elementor-section-height-default\" data-id=\"8386c31\" data-element_type=\"section\" data-settings=\"{&quot;background_background&quot;:&quot;classic&quot;}\">\n\t\t\t\t\t\t<div class=\"elementor-container elementor-column-gap-default\">\n\t\t\t\t\t<div class=\"elementor-column elementor-col-66 elementor-top-column elementor-element elementor-element-544531a\" data-id=\"544531a\" data-element_type=\"column\">\n\t\t\t<div class=\"elementor-widget-wrap elementor-element-populated\">\n\t\t\t\t\t\t\t\t<div class=\"elementor-element elementor-element-a8e7c8f elementor-widget elementor-widget-heading\" data-id=\"a8e7c8f\" data-element_type=\"widget\" data-widget_type=\"heading.default\">\n\t\t\t\t<div class=\"elementor-widget-container\">\n\t\t\t<h1 class=\"elementor-heading-title elementor-size-default\">Enjoy our city<\/h1>\t\t<\/div>\n\t\t\t\t<\/div>\n\t\t\t\t\t<\/div>\n\t\t<\/div>\n\t\t\t\t<div class=\"elementor-column elementor-col-33 elementor-top-column elementor-element elementor-element-e5f3b03\" data-id=\"e5f3b03\" data-element_type=\"column\">\n\t\t\t<div class=\"elementor-widget-wrap elementor-element-populated\">\n\t\t\t\t\t\t\t\t<div class=\"elementor-element elementor-element-781b19d elementor-align-center elementor-widget elementor-widget-button\" data-id=\"781b19d\" data-element_type=\"widget\" data-widget_type=\"button.default\">\n\t\t\t\t<div class=\"elementor-widget-container\">\n\t\t\t\t\t<div class=\"elementor-button-wrapper\">\n\t\t\t<a class=\"elementor-button elementor-button-link elementor-size-sm\" href=\"https:\/\/zenaidaluxury.icnea.net\/\">\n\t\t\t\t\t\t<span class=\"elementor-button-content-wrapper\">\n\t\t\t\t\t\t<span class=\"elementor-button-text\">BOOK<br> PEACE OF MIND<\/span>\n\t\t<\/span>\n\t\t\t\t\t<\/a>\n\t\t<\/div>\n\t\t\t\t<\/div>\n\t\t\t\t<\/div>\n\t\t\t\t\t<\/div>\n\t\t<\/div>\n\t\t\t\t\t\t\t<\/div>\n\t\t<\/section>\n\t\t\t\t\t\t\t<\/div>","protected":false},"excerpt":{"rendered":"<p>Clubs de Golf La Zenaida Luxury Tourist Apartments es el destino id\u00f3neo para los amantes del golf. A tan solo 4 minutos del campo de golf A\u00f1oreta, 10 minutos del Real Club de golf El Candado y 15 minutos de Baviera Golf; nuestros hu\u00e9spedes podr\u00e1n desplazarse con facilidad a disfrutar de este maravilloso deporte, sin &hellip;<\/p>\n<p class=\"read-more\"> <a class=\"\" href=\"https:\/\/lazenaidaluxuryrentals.com\/en\/clubs-de-golf\/\"> <span class=\"screen-reader-text\">Golf Clubs<\/span> Read More &raquo;<\/a><\/p>","protected":false},"author":1,"featured_media":0,"parent":0,"menu_order":0,"comment_status":"closed","ping_status":"closed","template":"","meta":{"site-sidebar-layout":"no-sidebar","site-content-layout":"page-builder","ast-global-header-display":"","ast-banner-title-visibility":"","ast-main-header-display":"","ast-hfb-above-header-display":"","ast-hfb-below-header-display":"","ast-hfb-mobile-header-display":"","site-post-title":"disabled","ast-breadcrumbs-content":"","ast-featured-img":"disabled","footer-sml-layout":"","theme-transparent-header-meta":"","adv-header-id-meta":"","stick-header-meta":"","header-above-stick-meta":"","header-main-stick-meta":"","header-below-stick-meta":""},"yst_prominent_words":[],"yoast_head":"<!-- This site is optimized with the Yoast SEO Premium plugin v14.0.4 - https:\/\/yoast.com\/wordpress\/plugins\/seo\/ -->\n<title>Clubs de Golf - La Zenaida<\/title>\n<meta name=\"robots\" content=\"index, follow\" \/>\n<meta name=\"googlebot\" content=\"index, follow, max-snippet:-1, max-image-preview:large, max-video-preview:-1\" \/>\n<meta name=\"bingbot\" content=\"index, follow, max-snippet:-1, max-image-preview:large, max-video-preview:-1\" \/>\n<link rel=\"canonical\" href=\"https:\/\/lazenaidaluxuryrentals.com\/en\/clubs-de-golf\/\" \/>\n<meta property=\"og:locale\" content=\"en_GB\" \/>\n<meta property=\"og:type\" content=\"article\" \/>\n<meta property=\"og:title\" content=\"Clubs de Golf - La Zenaida\" \/>\n<meta property=\"og:description\" content=\"Clubs de Golf La Zenaida Luxury Tourist Apartments es el destino id\u00f3neo para los amantes del golf. A tan solo 4 minutos del campo de golf A\u00f1oreta, 10 minutos del Real Club de golf El Candado y 15 minutos de Baviera Golf; nuestros hu\u00e9spedes podr\u00e1n desplazarse con facilidad a disfrutar de este maravilloso deporte, sin &hellip; Clubs de Golf Read More &raquo;\" \/>\n<meta property=\"og:url\" content=\"https:\/\/lazenaidaluxuryrentals.com\/en\/clubs-de-golf\/\" \/>\n<meta property=\"og:site_name\" content=\"La Zenaida\" \/>\n<meta property=\"article:modified_time\" content=\"2023-09-18T08:51:10+00:00\" \/>\n<meta property=\"og:image\" content=\"https:\/\/lazenaidaluxuryrentals.com\/wp-content\/uploads\/golf_in-1.jpg\" \/>\n<meta name=\"twitter:card\" content=\"summary_large_image\" \/>\n<script type=\"application\/ld+json\" class=\"yoast-schema-graph\">{\"@context\":\"https:\/\/schema.org\",\"@graph\":[{\"@type\":\"WebSite\",\"@id\":\"https:\/\/lazenaidaluxuryrentals.com\/en\/#website\",\"url\":\"https:\/\/lazenaidaluxuryrentals.com\/en\/\",\"name\":\"La Zenaida\",\"description\":\"\",\"potentialAction\":[{\"@type\":\"SearchAction\",\"target\":\"https:\/\/lazenaidaluxuryrentals.com\/en\/?s={search_term_string}\",\"query-input\":\"required name=search_term_string\"}],\"inLanguage\":\"en-GB\"},{\"@type\":\"ImageObject\",\"@id\":\"https:\/\/lazenaidaluxuryrentals.com\/clubs-de-golf\/#primaryimage\",\"inLanguage\":\"en-GB\",\"url\":\"https:\/\/lazenaidaluxuryrentals.com\/wp-content\/uploads\/golf_in-1.jpg\",\"width\":960,\"height\":540},{\"@type\":\"WebPage\",\"@id\":\"https:\/\/lazenaidaluxuryrentals.com\/clubs-de-golf\/#webpage\",\"url\":\"https:\/\/lazenaidaluxuryrentals.com\/clubs-de-golf\/\",\"name\":\"Clubs de Golf - La Zenaida\",\"isPartOf\":{\"@id\":\"https:\/\/lazenaidaluxuryrentals.com\/en\/#website\"},\"primaryImageOfPage\":{\"@id\":\"https:\/\/lazenaidaluxuryrentals.com\/clubs-de-golf\/#primaryimage\"},\"datePublished\":\"2023-05-31T11:55:47+00:00\",\"dateModified\":\"2023-09-18T08:51:10+00:00\",\"breadcrumb\":{\"@id\":\"https:\/\/lazenaidaluxuryrentals.com\/clubs-de-golf\/#breadcrumb\"},\"inLanguage\":\"en-GB\",\"potentialAction\":[{\"@type\":\"ReadAction\",\"target\":[\"https:\/\/lazenaidaluxuryrentals.com\/clubs-de-golf\/\"]}]},{\"@type\":\"BreadcrumbList\",\"@id\":\"https:\/\/lazenaidaluxuryrentals.com\/clubs-de-golf\/#breadcrumb\",\"itemListElement\":[{\"@type\":\"ListItem\",\"position\":1,\"item\":{\"@type\":\"WebPage\",\"@id\":\"https:\/\/lazenaidaluxuryrentals.com\/\",\"url\":\"https:\/\/lazenaidaluxuryrentals.com\/\",\"name\":\"Portada\"}},{\"@type\":\"ListItem\",\"position\":2,\"item\":{\"@type\":\"WebPage\",\"@id\":\"https:\/\/lazenaidaluxuryrentals.com\/clubs-de-golf\/\",\"url\":\"https:\/\/lazenaidaluxuryrentals.com\/clubs-de-golf\/\",\"name\":\"Clubs de Golf\"}}]}]}<\/script>\n<!-- \/ Yoast SEO Premium plugin. -->","_links":{"self":[{"href":"https:\/\/lazenaidaluxuryrentals.com\/en\/wp-json\/wp\/v2\/pages\/285"}],"collection":[{"href":"https:\/\/lazenaidaluxuryrentals.com\/en\/wp-json\/wp\/v2\/pages"}],"about":[{"href":"https:\/\/lazenaidaluxuryrentals.com\/en\/wp-json\/wp\/v2\/types\/page"}],"author":[{"embeddable":true,"href":"https:\/\/lazenaidaluxuryrentals.com\/en\/wp-json\/wp\/v2\/users\/1"}],"replies":[{"embeddable":true,"href":"https:\/\/lazenaidaluxuryrentals.com\/en\/wp-json\/wp\/v2\/comments?post=285"}],"version-history":[{"count":31,"href":"https:\/\/lazenaidaluxuryrentals.com\/en\/wp-json\/wp\/v2\/pages\/285\/revisions"}],"predecessor-version":[{"id":1658,"href":"https:\/\/lazenaidaluxuryrentals.com\/en\/wp-json\/wp\/v2\/pages\/285\/revisions\/1658"}],"wp:attachment":[{"href":"https:\/\/lazenaidaluxuryrentals.com\/en\/wp-json\/wp\/v2\/media?parent=285"}],"wp:term":[{"taxonomy":"yst_prominent_words","embeddable":true,"href":"https:\/\/lazenaidaluxuryrentals.com\/en\/wp-json\/wp\/v2\/yst_prominent_words?post=285"}],"curies":[{"name":"wp","href":"https:\/\/api.w.org\/{rel}","templated":true}]}}